{"id":1182,"date":"2023-12-11T11:35:05","date_gmt":"2023-12-11T11:35:05","guid":{"rendered":"https:\/\/eurotelesites.com\/?page_id=1182"},"modified":"2025-02-19T13:05:11","modified_gmt":"2025-02-19T13:05:11","slug":"compliance","status":"publish","type":"page","link":"https:\/\/eurotelesites.com\/de\/compliance\/","title":{"rendered":"Compliance"},"content":{"rendered":"\n<div class=\"block-hero-image block-hero-image__size--large\">\n\t<div class=\"image-wrap block-hero-image__image-wrap\" data-align=\"center center\">\n\n\t\t\t<div\n\t\t\tstyle=\"background-image:url(https:\/\/eurotelesites.com\/wp-content\/uploads\/sites\/7\/2023\/12\/ETS-Compliance-scaled.jpg)\"\n\t\t\tclass=\"image image--bg image__rounded-corners--none block-hero-image__image\">\n\t\t<\/div>\n\t\n\t<\/div><\/div>\n\n\n<div\n\tclass=\"wrapper wrapper__bg-color--white  wrapper__spacing-bottom-large--40 wrapper__spacing-top-in-large--20      wrapper__border-color-large--primary wrapper__border-size-large--none\"\n\t>\n\n\t\n\t\t\t<div class=\"wrapper__container wrapper__container-width-large--default wrapper__gutter-desktop--default wrapper__gutter-tablet--small\">\n\t\t\t<div class=\"wrapper__inner wrapper__width-large--9 wrapper__offset-large--1\">\n\t\t\t\t<div class='block-breadcrumbs'><a href='https:\/\/eurotelesites.com\/de\/' class='block-breadcrumbs__home' aria-label='Home link'><\/a><span><a class=\"block-breadcrumbs__link\" href=\" https:\/\/eurotelesites.com\/de\/ \">Home<\/a><\/span><\/div>\t\t\t<\/div>\n\t\t<\/div>\n\t<\/div>\n\n\n<div\n\tclass=\"wrapper wrapper__bg-color--white  wrapper__spacing-bottom-large--40       wrapper__border-color-large--primary wrapper__border-size-large--none\"\n\t>\n\n\t\n\t\t\t<div class=\"wrapper__container wrapper__container-width-large--default wrapper__gutter-desktop--default wrapper__gutter-tablet--small\">\n\t\t\t<div class=\"wrapper__inner wrapper__width-large--8 wrapper__width-mobile--12 wrapper__offset-large--1 wrapper__offset-mobile--0\">\n\t\t\t\t<h2 class=\"heading heading__color--prussianBlue heading__size--large heading__align--left heading__font-family--serif heading__font-weight--bold block-heading__heading\">\n\tCompliance<\/h2>\t\t\t<\/div>\n\t\t<\/div>\n\t<\/div>\n\n\n<div\n\tclass=\"wrapper wrapper__bg-color--white  wrapper__spacing-bottom-large--80       wrapper__border-color-large--primary wrapper__border-size-large--none\"\n\t>\n\n\t\n\t\t\t<div class=\"wrapper__container wrapper__container-width-large--default wrapper__gutter-desktop--default wrapper__gutter-tablet--small\">\n\t\t\t<div class=\"wrapper__inner wrapper__width-large--9 wrapper__width-mobile--12 wrapper__offset-large--1 wrapper__offset-mobile--0\">\n\t\t\t\t<p class=\"paragraph paragraph__color--prussianBlue paragraph__size--large paragraph__align--left paragraph__font-family--sans block-paragraph__paragraph\">\n\tBei EuroTeleSites haben wir uns bewusst f\u00fcr einen hohen Standard an Integrit\u00e4t gegen\u00fcber allen unseren Stakeholdern entschieden. Nur durch eine ehrliche, faire und transparente Art und Weise, unsere Gesch\u00e4fte zu f\u00fchren, sind wir in der Lage, unsere Vision: \u201edie nachhaltige Grundlage f\u00fcr die digitale Transformation zu schaffen\u201c, glaubw\u00fcrdig zu erf\u00fcllen.<br><br>Integrit\u00e4t hat einen zentralen Platz in unseren Wertesystem. Wir sind der Meinung, dass die richtigen Ergebnisse nur auf dem richtigen Weg erzielt werden k\u00f6nnen und dass Integrit\u00e4t wichtiger als kurzfristiger Gesch\u00e4ftserfolg ist. In diesem Zusammenhang ist jeder daf\u00fcr verantwortlich, stets ethisch und rechtlich korrekt zu handeln. Integres Handeln in unserem t\u00e4glichen Gesch\u00e4ftsleben ist f\u00fcr einen nachhaltigen Gesch\u00e4ftserfolg und unseren Ruf unerl\u00e4sslich.<\/p>\t\t\t<\/div>\n\t\t<\/div>\n\t<\/div>\n\n\n<div\n\tclass=\"wrapper wrapper__bg-color--white  wrapper__spacing-bottom-large--20       wrapper__border-color-large--primary wrapper__border-size-large--none\"\n\t>\n\n\t\n\t\t\t<div class=\"wrapper__container wrapper__container-width-large--default wrapper__gutter-desktop--default wrapper__gutter-tablet--small\">\n\t\t\t<div class=\"wrapper__inner wrapper__width-large--8 wrapper__width-mobile--12 wrapper__offset-large--1 wrapper__offset-mobile--0\">\n\t\t\t\t<h2 class=\"heading heading__color--prussianBlue heading__size--default heading__align--left heading__font-family--serif heading__font-weight--bold block-heading__heading\">\n\tCode of Conduct<\/h2>\t\t\t<\/div>\n\t\t<\/div>\n\t<\/div>\n\n\n<div\n\tclass=\"wrapper wrapper__bg-color--white  wrapper__spacing-bottom-large--20       wrapper__border-color-large--primary wrapper__border-size-large--none\"\n\t>\n\n\t\n\t\t\t<div class=\"wrapper__container wrapper__container-width-large--default wrapper__gutter-desktop--default wrapper__gutter-tablet--small\">\n\t\t\t<div class=\"wrapper__inner wrapper__width-large--9 wrapper__width-mobile--12 wrapper__offset-large--1 wrapper__offset-mobile--0\">\n\t\t\t\t<p class=\"paragraph paragraph__color--prussianBlue paragraph__size--default-constant paragraph__align--left paragraph__font-family--sans block-paragraph__paragraph\">\n\tGeleitet von unserer Unternehmensstrategie und -kultur und eingebunden in unsere ESG-Politik, orientieren sich unsere Compliance-Ziele an Best-in-Class-Prinzipien. Unser Code of Conduct fasst unseren Ansatz zusammen und ist die Grundlage unseres Handelns.<\/p>\t\t\t<\/div>\n\t\t<\/div>\n\t<\/div>\n\n\n<div\n\tclass=\"wrapper wrapper__bg-color--white  wrapper__spacing-bottom-large--80       wrapper__border-color-large--primary wrapper__border-size-large--none\"\n\t>\n\n\t\n\t\t\t<div class=\"wrapper__container wrapper__container-width-large--default wrapper__gutter-desktop--default wrapper__gutter-tablet--small\">\n\t\t\t<div class=\"wrapper__inner wrapper__width-large--8 wrapper__offset-large--1\">\n\t\t\t\t<div class=\"btn-wrap btn-wrap__align--left block-button__btn-wrap\">\n\t\t\t<a\n\t\t\thref=\"https:\/\/eurotelesites.com\/wp-content\/uploads\/sites\/7\/2024\/07\/ETS-Code-of-Conduct-version-DE-V-2.0-June-2024.pdf\"\n\t\t\tclass=\"btn btn__color--primary btn__size--default btn__size-width--default btn__icon-position--left btn__font-family--sans  block-button__btn\"\n\t\t\tid=\"\"\n\t\t\ttitle=\"Code of Conduct\"\n\t\t\taria-label=\"\"\n\t\t\ttarget=_blank rel=\"noopener noreferrer\" \t\t>\n\t\t\t\t\t\tCode of Conduct\t\t<\/a>\n\t<\/div>\t\t\t<\/div>\n\t\t<\/div>\n\t<\/div>\n\n\n<div\n\tclass=\"wrapper wrapper__bg-color--white  wrapper__spacing-bottom-large--40       wrapper__border-color-large--primary wrapper__border-size-large--none\"\n\t>\n\n\t\n\t\t\t<div class=\"wrapper__container wrapper__container-width-large--default wrapper__gutter-desktop--default wrapper__gutter-tablet--small\">\n\t\t\t<div class=\"wrapper__inner wrapper__width-large--8 wrapper__width-mobile--12 wrapper__offset-large--1 wrapper__offset-mobile--0\">\n\t\t\t\t<h2 class=\"heading heading__color--prussianBlue heading__size--default heading__align--left heading__font-family--serif heading__font-weight--bold block-heading__heading\">\n\tDas Compliance Management System (CMS)<\/h2>\t\t\t<\/div>\n\t\t<\/div>\n\t<\/div>\n\n\n<div\n\tclass=\"wrapper wrapper__bg-color--white  wrapper__spacing-bottom-large--40       wrapper__border-color-large--primary wrapper__border-size-large--none\"\n\t>\n\n\t\n\t\t\t<div class=\"wrapper__container wrapper__container-width-large--default wrapper__gutter-desktop--default wrapper__gutter-tablet--small\">\n\t\t\t<div class=\"wrapper__inner wrapper__width-large--12\">\n\t\t\t\t\n<div class=\"block-columns block-columns__gutter-large--30 block-columns__vertical-spacing-large--0\">\n\t\n\n<div class=\"block-column block-column__width-large--9 block-column__offset-large--1    block-column__border-color-large--primary block-column__border-size-large--none block-column__no-left-gutter-large block-column__no-left-gutter-desktop block-column__no-left-gutter-tablet block-column__no-left-gutter-mobile\">\n\t\n<div\n\tclass=\"wrapper wrapper__bg-color--white  wrapper__spacing-bottom-large--0       wrapper__border-color-large--primary wrapper__border-size-large--none\"\n\t>\n\n\t\n\t\t\t<div class=\"image-wrap block-image__image-wrap\" data-align=\"center center\">\n\n\t\t\t<picture class=\"image image__picture\">\n\t\t\t\t\t\t<img\n\t\t\t\tsrc=\"https:\/\/eurotelesites.com\/wp-content\/uploads\/sites\/7\/2023\/12\/Compliance_deutsch-2.png\"\n\t\t\t\tclass=\"image  image__rounded-corners--none block-image__image\"\n\t\t\t\talt=\"\"\n\t\t\t\/>\n\t\t<\/picture>\n\t\n\t<\/div>\t<\/div>\n\n<\/div>\n\n<\/div>\n\t\t\t<\/div>\n\t\t<\/div>\n\t<\/div>\n\n\n<div\n\tclass=\"wrapper wrapper__bg-color--white  wrapper__spacing-bottom-large--60       wrapper__border-color-large--primary wrapper__border-size-large--none\"\n\t>\n\n\t\n\t\t\t<div class=\"wrapper__container wrapper__container-width-large--default wrapper__gutter-desktop--default wrapper__gutter-tablet--small\">\n\t\t\t<div class=\"wrapper__inner wrapper__width-large--9 wrapper__width-mobile--12 wrapper__offset-large--1 wrapper__offset-mobile--0\">\n\t\t\t\t<p class=\"paragraph paragraph__color--prussianBlue paragraph__size--default-constant paragraph__align--left paragraph__font-family--sans block-paragraph__paragraph\">\n\tDas CMS arbeitet dann effektiv, wenn es auf die 3-S\u00e4ulen basiert: Pr\u00e4vention, Detektion und Reaktion.<br>\u00a0<br><strong>Pr\u00e4vention:<\/strong>\u00a0Wir implementieren relevante Compliance-Richtlinien, die klare Regeln f\u00fcr alle Beteiligten festlegen, auch in unserem Einkaufsprozess hinsichtlich des richtigen Gesch\u00e4ftsverhaltens unserer Lieferanten und anderer Gesch\u00e4ftspartner. Wir f\u00fchren j\u00e4hrlich eine Compliance-Risk-Assessment durch, um Risiken und Verbesserungspotenziale zu ermitteln, Ma\u00dfnahmen zur wirksamen Bew\u00e4ltigung dieser Risiken zu definieren und diese regelm\u00e4\u00dfig zu \u00fcberpr\u00fcfen. Schulungen und Awarness-Ma\u00dfnahmen f\u00fcr alle Mitarbeiter sind ebenfalls Teil der Pr\u00e4ventionss\u00e4ule. Dar\u00fcber hinaus implementiert EuroTeleSites ein starkes IKS (auch im Zusammenhang mit den SOX-Anforderungen), das eine wesentliche Rolle in unserem CMS spielt.<br>\u00a0<br><strong>Detektion:<\/strong>\u00a0Wir f\u00fchren st\u00e4ndige und regelm\u00e4\u00dfige Kontrollen und Audits durch, um F\u00e4lle oder Probleme bei der Einhaltung der Vorschriften aufdecken zu k\u00f6nnen. Die Whistleblowing-Plattform\u00a0<a href=\"https:\/\/eurotelesites.whistleblowing-software.com\/\" target=\"_blank\" rel=\"noreferrer noopener\">https:\/\/eurotelesites.whistleblowing-software.com\/<\/a>\u00a0ist ebenfalls ein zentraler Bestandteil des Aufdeckungsprozesses. Jeder Stakeholder kann uns helfen, unsere Compliance zu st\u00e4rken, indem er Verst\u00f6\u00dfe gegen Gesetze und Regeln meldet.\u00a0<br>\u00a0<br><strong>Reaktion:<\/strong>\u00a0Jeder aufgedeckte Fall wird dann von unserer Internal Audit ordnungsgem\u00e4\u00df untersucht. Best\u00e4tigt sich ein Versto\u00df, ahnden wir ein solches vors\u00e4tzliches, rechtswidriges Fehlverhalten konsequent, unabh\u00e4ngig vom Rang oder Position der beteiligten Person. Auch Gesch\u00e4ftspartner m\u00fcssen bei Verst\u00f6\u00dfen gegen vertragliche Compliance-Verpflichtungen oder gegen Anti-Korruptionsgesetze mit entsprechenden Konsequenzen rechnen.<a href=\"\u00a0Jeder aufgedeckte Fall wird dann von unserer Internal Audit ordnungsgem\u00e4\u00df untersucht. Best\u00e4tigt sich ein Versto\u00df, ahnden wir ein solches vors\u00e4tzliches, rechtswidriges Fehlverhalten konsequent, unabh\u00e4ngig vom Rang oder Position der beteiligten Person. Auch Gesch\u00e4ftspartner m\u00fcssen bei Verst\u00f6\u00dfen gegen vertragliche Compliance-Verpflichtungen oder gegen Anti-Korruptionsgesetze mit entsprechenden Konsequenzen rechnen.\"><br><\/a><br>Wir bewerten j\u00e4hrlich die Angemessenheit unserer Richtlinien, die Vollst\u00e4ndigkeit unserer Compliance-Risk-Assessment sowie die Wirksamkeit unserer Prozesse bzw. Ma\u00dfnahmen und berichten unseren Leitungsgremien regelm\u00e4\u00dfig \u00fcber unsere Aktivit\u00e4ten und die durchgef\u00fchrten Verbesserungen.<\/p>\t\t\t<\/div>\n\t\t<\/div>\n\t<\/div>\n\n\n<div\n\tclass=\"wrapper wrapper__bg-color--white  wrapper__spacing-bottom-large--20       wrapper__border-color-large--primary wrapper__border-size-large--none\"\n\t>\n\n\t\n\t\t\t<div class=\"wrapper__container wrapper__container-width-large--default wrapper__gutter-desktop--default wrapper__gutter-tablet--small\">\n\t\t\t<div class=\"wrapper__inner wrapper__width-large--8 wrapper__width-mobile--12 wrapper__offset-large--1 wrapper__offset-mobile--0\">\n\t\t\t\t<h2 class=\"heading heading__color--prussianBlue heading__size--default heading__align--left heading__font-family--serif heading__font-weight--bold block-heading__heading\">\n\tKontakt<\/h2>\t\t\t<\/div>\n\t\t<\/div>\n\t<\/div>\n\n\n<div\n\tclass=\"wrapper wrapper__bg-color--white  wrapper__spacing-bottom-large--80       wrapper__border-color-large--primary wrapper__border-size-large--none\"\n\t>\n\n\t\n\t\t\t<div class=\"wrapper__container wrapper__container-width-large--default wrapper__gutter-desktop--default wrapper__gutter-tablet--small\">\n\t\t\t<div class=\"wrapper__inner wrapper__width-large--9 wrapper__width-mobile--12 wrapper__offset-large--1 wrapper__offset-mobile--0\">\n\t\t\t\t<p class=\"paragraph paragraph__color--prussianBlue paragraph__size--default-constant paragraph__align--left paragraph__font-family--sans block-paragraph__paragraph\">\n\tSie haben Fragen oder Bedenken, ob ein bestimmter Vorfall im Einklang mit unseren Werten in Bezug auf Integrit\u00e4t oder unseren Regeln steht oder dagegen verst\u00f6\u00dft? Dann kontaktieren Sie uns bitte.<br><br>Compliance Office:\u00a0<a href=\"mailto:Compliance@eurotelesites.com\" target=\"_blank\" rel=\"noreferrer noopener\">Compliance@eurotelesites.com<\/a><br>Compliance Officer &#8211;\u00a0<a href=\"mailto:Guillaume.dubois@eurotelesites.com\" target=\"_blank\" rel=\"noreferrer noopener\">Andreea.agachi@eurotelesites.com<\/a><br>Whistleblowing Platform:\u00a0<a href=\"https:\/\/eurotelesites.whistleblowing-software.com\/\" target=\"_blank\" rel=\"noreferrer noopener\">https:\/\/eurotelesites.whistleblowing-software.com\/<\/a><br>\u00a0<\/p>\t\t\t<\/div>\n\t\t<\/div>\n\t<\/div>\n\n\n<div\n\tclass=\"wrapper wrapper__bg-color--white  wrapper__spacing-bottom-large--40 wrapper__spacing-top-in-large--90      wrapper__border-color-large--primary wrapper__border-size-large--none\"\n\t>\n\n\t\n\t\t\t<div class=\"wrapper__container wrapper__container-width-large--default wrapper__gutter-desktop--default wrapper__gutter-tablet--small\">\n\t\t\t<div class=\"wrapper__inner wrapper__width-large--12\">\n\t\t\t\t\n<div class=\"block-columns block-columns__gutter-large--10 block-columns__vertical-spacing-large--20\">\n\t\n\n<div class=\"block-column block-column__width-large--4 block-column__width-mobile--12     block-column__border-color-large--primary block-column__border-size-large--none\">\n\t\n<div\n\tclass=\"wrapper wrapper__bg-color--white  wrapper__spacing-bottom-large--20       wrapper__border-color-large--primary wrapper__border-size-large--none\"\n\t>\n\n\t\n\t\t\t<div class=\"image-wrap block-image__image-wrap\" data-align=\"center center\">\n\n\t\t\t<div\n\t\t\tstyle=\"background-image:url(https:\/\/eurotelesites.com\/wp-content\/uploads\/sites\/7\/2023\/08\/ben-wicks-6rtUBI-x6vo-unsplash-scaled.jpg)\"\n\t\t\tclass=\"image image--bg image__rounded-corners--none block-image__image\">\n\t\t<\/div>\n\t\n\t<\/div>\t<\/div>\n\n\n<div\n\tclass=\"wrapper wrapper__bg-color--white  wrapper__spacing-bottom-large--10       wrapper__border-color-large--primary wrapper__border-size-large--none\"\n\t>\n\n\t\n\t\t\t<h2 class=\"heading heading__color--prussianBlue heading__size--small heading__align--left heading__font-family--serif heading__font-weight--bold block-heading__heading\">\n\tLeistungen<\/h2>\t<\/div>\n\n\n<div\n\tclass=\"wrapper wrapper__bg-color--white  wrapper__spacing-bottom-large--10       wrapper__border-color-large--primary wrapper__border-size-large--none\"\n\t>\n\n\t\n\t\t\t<p class=\"paragraph paragraph__color--prussianBlue paragraph__size--default-constant paragraph__align--left paragraph__font-family--sans block-paragraph__paragraph\">\n\tAufbau und Wartung der besten passiven Infrastruktur von Mobilfunknetzen.<br><a id=\"\" href=\"https:\/\/eurotelesites.com\/de\/leistungen\/\"><\/a><\/p>\t<\/div>\n\n\n<div\n\tclass=\"wrapper wrapper__bg-color--white  wrapper__spacing-bottom-large--40       wrapper__border-color-large--primary wrapper__border-size-large--none\"\n\t>\n\n\t\n\t\t\t<div class=\"link-wrap link-wrap__align--left block-link__link-wrap\">\n\t\t\t<a\n\t\t\thref=\"https:\/\/eurotelesites.com\/de\/leistungen\/\"\n\t\t\tclass=\"link link__color--primary link__size--default link__icon-position--left link__font-family--sans  block-link__link\"\n\t\t\tid=\"\"\n\t\t\ttitle=\"Mehr erfahren\"\n\t\t\taria-label=\"\"\n\t\t\t\t\t>\n\t\t\t\t\t\t<span class=\"link__content\">Mehr erfahren<\/span>\n\t\t<\/a>\n\t<\/div>\t<\/div>\n\n<\/div>\n\n\n\n<div class=\"block-column block-column__width-large--4 block-column__width-mobile--12     block-column__border-color-large--primary block-column__border-size-large--none\">\n\t\n<div\n\tclass=\"wrapper wrapper__bg-color--white  wrapper__spacing-bottom-large--20       wrapper__border-color-large--primary wrapper__border-size-large--none\"\n\t>\n\n\t\n\t\t\t<div class=\"image-wrap block-image__image-wrap\" data-align=\"center center\">\n\n\t\t\t<div\n\t\t\tstyle=\"background-image:url(https:\/\/eurotelesites.com\/wp-content\/uploads\/sites\/7\/2023\/08\/iStock-1336620062-1-scaled.jpg)\"\n\t\t\tclass=\"image image--bg image__rounded-corners--none block-image__image\">\n\t\t<\/div>\n\t\n\t<\/div>\t<\/div>\n\n\n<div\n\tclass=\"wrapper wrapper__bg-color--white  wrapper__spacing-bottom-large--10       wrapper__border-color-large--primary wrapper__border-size-large--none\"\n\t>\n\n\t\n\t\t\t<h2 class=\"heading heading__color--prussianBlue heading__size--small heading__align--left heading__font-family--serif heading__font-weight--bold block-heading__heading\">\n\t\u00dcber uns<\/h2>\t<\/div>\n\n\n<div\n\tclass=\"wrapper wrapper__bg-color--white  wrapper__spacing-bottom-large--10       wrapper__border-color-large--primary wrapper__border-size-large--none\"\n\t>\n\n\t\n\t\t\t<p class=\"paragraph paragraph__color--prussianBlue paragraph__size--default-constant paragraph__align--left paragraph__font-family--sans block-paragraph__paragraph\">\n\tIhr bevorzugter Partner f\u00fcr drahtlose Konnektivit\u00e4t vom Bodensee bis zum Schwarzen Meer, der von mehreren Standorten und L\u00e4ndern aus operiert.<br><a id=\"\" href=\"https:\/\/eurotelesites.com\/de\/ueber-uns\/\"><\/a><\/p>\t<\/div>\n\n\n<div\n\tclass=\"wrapper wrapper__bg-color--white  wrapper__spacing-bottom-large--40       wrapper__border-color-large--primary wrapper__border-size-large--none\"\n\t>\n\n\t\n\t\t\t<div class=\"link-wrap link-wrap__align--left block-link__link-wrap\">\n\t\t\t<a\n\t\t\thref=\"https:\/\/eurotelesites.com\/de\/ueber-uns\/\"\n\t\t\tclass=\"link link__color--primary link__size--default link__icon-position--left link__font-family--sans  block-link__link\"\n\t\t\tid=\"\"\n\t\t\ttitle=\"Mehr erfahren\"\n\t\t\taria-label=\"\"\n\t\t\t\t\t>\n\t\t\t\t\t\t<span class=\"link__content\">Mehr erfahren<\/span>\n\t\t<\/a>\n\t<\/div>\t<\/div>\n\n<\/div>\n\n\n\n<div class=\"block-column block-column__width-large--4 block-column__width-mobile--12     block-column__border-color-large--primary block-column__border-size-large--none\">\n\t\n<div\n\tclass=\"wrapper wrapper__bg-color--white  wrapper__spacing-bottom-large--20       wrapper__border-color-large--primary wrapper__border-size-large--none\"\n\t>\n\n\t\n\t\t\t<div class=\"image-wrap block-image__image-wrap\" data-align=\"center center\">\n\n\t\t\t<div\n\t\t\tstyle=\"background-image:url(https:\/\/eurotelesites.com\/wp-content\/uploads\/sites\/7\/2023\/09\/1170740969.jpg)\"\n\t\t\tclass=\"image image--bg image__rounded-corners--none block-image__image\">\n\t\t<\/div>\n\t\n\t<\/div>\t<\/div>\n\n\n<div\n\tclass=\"wrapper wrapper__bg-color--white  wrapper__spacing-bottom-large--10       wrapper__border-color-large--primary wrapper__border-size-large--none\"\n\t>\n\n\t\n\t\t\t<h2 class=\"heading heading__color--prussianBlue heading__size--small heading__align--left heading__font-family--serif heading__font-weight--bold block-heading__heading\">\n\tInvestor Relations<\/h2>\t<\/div>\n\n\n<div\n\tclass=\"wrapper wrapper__bg-color--white  wrapper__spacing-bottom-large--10       wrapper__border-color-large--primary wrapper__border-size-large--none\"\n\t>\n\n\t\n\t\t\t<p class=\"paragraph paragraph__color--prussianBlue paragraph__size--default-constant paragraph__align--left paragraph__font-family--sans block-paragraph__paragraph\">\n\tEuroTeleSites ist ein f\u00fchrende Anbieter von drahtloser Kommunikationsinfrastruktur in Mittel- und Osteuropa<br><a id=\"\" href=\"https:\/\/eurotelesites.com\/de\/investor-relations\/\"><\/a><\/p>\t<\/div>\n\n\n<div\n\tclass=\"wrapper wrapper__bg-color--white  wrapper__spacing-bottom-large--40       wrapper__border-color-large--primary wrapper__border-size-large--none\"\n\t>\n\n\t\n\t\t\t<div class=\"link-wrap link-wrap__align--left block-link__link-wrap\">\n\t\t\t<a\n\t\t\thref=\"https:\/\/eurotelesites.com\/de\/investor-relations\/\"\n\t\t\tclass=\"link link__color--primary link__size--default link__icon-position--left link__font-family--sans  block-link__link\"\n\t\t\tid=\"\"\n\t\t\ttitle=\"Mehr erfahren\"\n\t\t\taria-label=\"\"\n\t\t\t\t\t>\n\t\t\t\t\t\t<span class=\"link__content\">Mehr erfahren<\/span>\n\t\t<\/a>\n\t<\/div>\t<\/div>\n\n<\/div>\n\n<\/div>\n\t\t\t<\/div>\n\t\t<\/div>\n\t<\/div>\n","protected":false},"excerpt":{"rendered":"","protected":false},"author":3,"featured_media":0,"parent":0,"menu_order":0,"comment_status":"closed","ping_status":"closed","template":"","meta":{"_acf_changed":false,"footnotes":""},"departments":[],"class_list":["post-1182","page","type-page","status-publish","hentry"],"acf":[],"yoast_head":"<!-- This site is optimized with the Yoast SEO plugin v27.2 - https:\/\/yoast.com\/product\/yoast-seo-wordpress\/ -->\n<title>Compliance - EuroTeleSites<\/title>\n<meta name=\"robots\" content=\"index, follow, max-snippet:-1, max-image-preview:large, max-video-preview:-1\" \/>\n<link rel=\"canonical\" href=\"https:\/\/eurotelesites.com\/de\/compliance\/\" \/>\n<meta property=\"og:locale\" content=\"de_DE\" \/>\n<meta property=\"og:type\" content=\"article\" \/>\n<meta property=\"og:title\" content=\"Compliance - EuroTeleSites\" \/>\n<meta property=\"og:url\" content=\"https:\/\/eurotelesites.com\/de\/compliance\/\" \/>\n<meta property=\"og:site_name\" content=\"EuroTeleSites\" \/>\n<meta property=\"article:modified_time\" content=\"2025-02-19T13:05:11+00:00\" \/>\n<meta name=\"twitter:card\" content=\"summary_large_image\" \/>\n<meta name=\"twitter:label1\" content=\"Est. reading time\" \/>\n\t<meta name=\"twitter:data1\" content=\"3 minutes\" \/>\n<script type=\"application\/ld+json\" class=\"yoast-schema-graph\">{\"@context\":\"https:\/\/schema.org\",\"@graph\":[{\"@type\":\"WebPage\",\"@id\":\"https:\/\/eurotelesites.com\/de\/compliance\/\",\"url\":\"https:\/\/eurotelesites.com\/de\/compliance\/\",\"name\":\"Compliance - EuroTeleSites\",\"isPartOf\":{\"@id\":\"https:\/\/eurotelesites.com\/#website\"},\"datePublished\":\"2023-12-11T11:35:05+00:00\",\"dateModified\":\"2025-02-19T13:05:11+00:00\",\"breadcrumb\":{\"@id\":\"https:\/\/eurotelesites.com\/de\/compliance\/#breadcrumb\"},\"inLanguage\":\"de-DE\",\"potentialAction\":[{\"@type\":\"ReadAction\",\"target\":[\"https:\/\/eurotelesites.com\/de\/compliance\/\"]}]},{\"@type\":\"BreadcrumbList\",\"@id\":\"https:\/\/eurotelesites.com\/de\/compliance\/#breadcrumb\",\"itemListElement\":[{\"@type\":\"ListItem\",\"position\":1,\"name\":\"Home\",\"item\":\"https:\/\/eurotelesites.com\/de\/\"},{\"@type\":\"ListItem\",\"position\":2,\"name\":\"Compliance\"}]},{\"@type\":\"WebSite\",\"@id\":\"https:\/\/eurotelesites.com\/#website\",\"url\":\"https:\/\/eurotelesites.com\/\",\"name\":\"EuroTeleSites\",\"description\":\"\",\"potentialAction\":[{\"@type\":\"SearchAction\",\"target\":{\"@type\":\"EntryPoint\",\"urlTemplate\":\"https:\/\/eurotelesites.com\/?s={search_term_string}\"},\"query-input\":{\"@type\":\"PropertyValueSpecification\",\"valueRequired\":true,\"valueName\":\"search_term_string\"}}],\"inLanguage\":\"de-DE\"}]}<\/script>\n<!-- \/ Yoast SEO plugin. -->","yoast_head_json":{"title":"Compliance - EuroTeleSites","robots":{"index":"index","follow":"follow","max-snippet":"max-snippet:-1","max-image-preview":"max-image-preview:large","max-video-preview":"max-video-preview:-1"},"canonical":"https:\/\/eurotelesites.com\/de\/compliance\/","og_locale":"de_DE","og_type":"article","og_title":"Compliance - EuroTeleSites","og_url":"https:\/\/eurotelesites.com\/de\/compliance\/","og_site_name":"EuroTeleSites","article_modified_time":"2025-02-19T13:05:11+00:00","twitter_card":"summary_large_image","twitter_misc":{"Est. reading time":"3 minutes"},"schema":{"@context":"https:\/\/schema.org","@graph":[{"@type":"WebPage","@id":"https:\/\/eurotelesites.com\/de\/compliance\/","url":"https:\/\/eurotelesites.com\/de\/compliance\/","name":"Compliance - EuroTeleSites","isPartOf":{"@id":"https:\/\/eurotelesites.com\/#website"},"datePublished":"2023-12-11T11:35:05+00:00","dateModified":"2025-02-19T13:05:11+00:00","breadcrumb":{"@id":"https:\/\/eurotelesites.com\/de\/compliance\/#breadcrumb"},"inLanguage":"de-DE","potentialAction":[{"@type":"ReadAction","target":["https:\/\/eurotelesites.com\/de\/compliance\/"]}]},{"@type":"BreadcrumbList","@id":"https:\/\/eurotelesites.com\/de\/compliance\/#breadcrumb","itemListElement":[{"@type":"ListItem","position":1,"name":"Home","item":"https:\/\/eurotelesites.com\/de\/"},{"@type":"ListItem","position":2,"name":"Compliance"}]},{"@type":"WebSite","@id":"https:\/\/eurotelesites.com\/#website","url":"https:\/\/eurotelesites.com\/","name":"EuroTeleSites","description":"","potentialAction":[{"@type":"SearchAction","target":{"@type":"EntryPoint","urlTemplate":"https:\/\/eurotelesites.com\/?s={search_term_string}"},"query-input":{"@type":"PropertyValueSpecification","valueRequired":true,"valueName":"search_term_string"}}],"inLanguage":"de-DE"}]}},"_links":{"self":[{"href":"https:\/\/eurotelesites.com\/de\/wp-json\/wp\/v2\/pages\/1182","targetHints":{"allow":["GET"]}}],"collection":[{"href":"https:\/\/eurotelesites.com\/de\/wp-json\/wp\/v2\/pages"}],"about":[{"href":"https:\/\/eurotelesites.com\/de\/wp-json\/wp\/v2\/types\/page"}],"author":[{"embeddable":true,"href":"https:\/\/eurotelesites.com\/de\/wp-json\/wp\/v2\/users\/3"}],"replies":[{"embeddable":true,"href":"https:\/\/eurotelesites.com\/de\/wp-json\/wp\/v2\/comments?post=1182"}],"version-history":[{"count":5,"href":"https:\/\/eurotelesites.com\/de\/wp-json\/wp\/v2\/pages\/1182\/revisions"}],"predecessor-version":[{"id":2060,"href":"https:\/\/eurotelesites.com\/de\/wp-json\/wp\/v2\/pages\/1182\/revisions\/2060"}],"wp:attachment":[{"href":"https:\/\/eurotelesites.com\/de\/wp-json\/wp\/v2\/media?parent=1182"}],"wp:term":[{"taxonomy":"department","embeddable":true,"href":"https:\/\/eurotelesites.com\/de\/wp-json\/wp\/v2\/departments?post=1182"}],"curies":[{"name":"wp","href":"https:\/\/api.w.org\/{rel}","templated":true}]}}