{"id":1737,"date":"2024-10-04T08:36:20","date_gmt":"2024-10-04T08:36:20","guid":{"rendered":"https:\/\/eurotelesites.com\/?page_id=1737"},"modified":"2024-11-14T12:58:22","modified_gmt":"2024-11-14T12:58:22","slug":"kontakt-formular","status":"publish","type":"page","link":"https:\/\/eurotelesites.com\/de\/kontakt-formular\/","title":{"rendered":"Kontakt Formular"},"content":{"rendered":"<div\n\tclass=\"wrapper wrapper__bg-color--white  wrapper__spacing-bottom-large--40 wrapper__spacing-top-in-large--90      wrapper__border-color-large--primary wrapper__border-size-large--none\"\n\t>\n\n\t\n\t\t\t<div class=\"wrapper__container wrapper__container-width-large--default wrapper__gutter-desktop--default wrapper__gutter-tablet--small\">\n\t\t\t<div class=\"wrapper__inner wrapper__width-large--9 wrapper__offset-large--1\">\n\t\t\t\t<div class='block-breadcrumbs'><a href='https:\/\/eurotelesites.com\/de\/' class='block-breadcrumbs__home' aria-label='Home link'><\/a><span><a class=\"block-breadcrumbs__link\" href=\" https:\/\/eurotelesites.com\/de\/ \">Home<\/a><\/span><\/div>\t\t\t<\/div>\n\t\t<\/div>\n\t<\/div>\n\n\n<div\n\tclass=\"wrapper wrapper__bg-color--white  wrapper__spacing-bottom-large--40       wrapper__border-color-large--primary wrapper__border-size-large--none\"\n\t>\n\n\t\n\t\t\t<div class=\"wrapper__container wrapper__container-width-large--default wrapper__gutter-desktop--default wrapper__gutter-tablet--small\">\n\t\t\t<div class=\"wrapper__inner wrapper__width-large--10 wrapper__width-mobile--12 wrapper__offset-large--2 wrapper__offset-mobile--0\">\n\t\t\t\t<h2 class=\"heading heading__color--prussianBlue heading__size--large heading__align--left heading__font-family--serif heading__font-weight--bold block-heading__heading\">\n\tKontakt<\/h2>\t\t\t<\/div>\n\t\t<\/div>\n\t<\/div>\n\n\n<div\n\tclass=\"wrapper wrapper__bg-color--white  wrapper__spacing-bottom-large--40       wrapper__border-color-large--primary wrapper__border-size-large--none\"\n\t>\n\n\t\n\t\t\t<div class=\"wrapper__container wrapper__container-width-large--default wrapper__gutter-desktop--default wrapper__gutter-tablet--small\">\n\t\t\t<div class=\"wrapper__inner wrapper__width-large--6 wrapper__width-mobile--12 wrapper__offset-large--2 wrapper__offset-mobile--0\">\n\t\t\t\t<p class=\"paragraph paragraph__color--black paragraph__size--default paragraph__align--left paragraph__font-family--sans block-paragraph__paragraph\">\n\tWillkommen bei Eurotelesites! Egal, ob Sie Vermieter oder Immobilienverwalter sind oder einfach nur mehr \u00fcber unsere Dienstleistungen erfahren m\u00f6chten, wir freuen uns, dass Sie hier sind. Bitte f\u00fcllen Sie das untenstehende Formular aus, und unser Team wird sich in K\u00fcrze mit Ihnen in Verbindung setzen, um zu besprechen, wie wir Ihre Bed\u00fcrfnisse und Ziele unterst\u00fctzen k\u00f6nnen.<\/p>\t\t\t<\/div>\n\t\t<\/div>\n\t<\/div>\n\n\n<style id='esFormsCssVariables-global'>:root {--global-custom-blocks-name: eightshift-block;--global-es-max-cols: 12;--global-esf-spacing-xs: 0.25rem;--global-esf-spacing-s: 0.5rem;--global-esf-spacing-m: 1rem;--global-esf-spacing-l: 1.5rem;--global-esf-spacing-xl: 2rem;--global-esf-ease-out-cubic: cubic-bezier(0.215, 0.61, 0.355, 1);--global-esf-box-shadow: 0 0 0.5rem rgb(0 0 0 \/ 0.04);--global-esf-box-shadow-l: 0 0 0.125rem rgb(0 0 0 \/ 0.16), 0 0 0.5rem rgb(0 0 0 \/ 0.16);--global-esf-max-width: 36rem;--global-esf-input-height: 2.625rem;--global-breakpoints-mobile: 480;--global-breakpoints-tablet: 960;--global-breakpoints-desktop: 1920;--global-breakpoints-large: 1921;--global-colors-esf-admin-accent: #29A3A3;--global-colors-esf-admin-accent-values: 41 163 163;--global-colors-esf-admin-accent-50: #29A3A380;--global-colors-esf-admin-accent-50-values: 0 0 0;--global-colors-esf-admin-accent-30: #29a3a333;--global-colors-esf-admin-accent-30-values: 0 0 0;--global-colors-esf-admin-accent-10: #29A3A31A;--global-colors-esf-admin-accent-10-values: 0 0 0;--global-colors-esf-admin-accent-05: #29A3A30D;--global-colors-esf-admin-accent-05-values: 0 0 0;--global-colors-esf-admin-accent-dark: #218282;--global-colors-esf-admin-accent-dark-values: 33 130 130;--global-colors-esf-border: #DEDEDE;--global-colors-esf-border-values: 222 222 222;--global-colors-esf-black: #181818;--global-colors-esf-black-values: 24 24 24;--global-colors-esf-white: #FFFFFF;--global-colors-esf-white-values: 255 255 255;--global-colors-esf-gray: #484848;--global-colors-esf-gray-values: 72 72 72;--global-colors-esf-yellow-50: #FFFBEB;--global-colors-esf-yellow-50-values: 255 251 235;--global-colors-esf-yellow-100: #FEF3C7;--global-colors-esf-yellow-100-values: 254 243 199;--global-colors-esf-yellow-200: #FDE68A;--global-colors-esf-yellow-200-values: 253 230 138;--global-colors-esf-yellow-500: #EAB308;--global-colors-esf-yellow-500-values: 234 179 8;--global-colors-esf-yellow-950: #451A03;--global-colors-esf-yellow-950-values: 69 26 3;--global-colors-esf-sky-50: #F0F9FF;--global-colors-esf-sky-50-values: 240 249 255;--global-colors-esf-sky-100: #E0F2FE;--global-colors-esf-sky-100-values: 224 242 254;--global-colors-esf-sky-200: #BAE6FD;--global-colors-esf-sky-200-values: 186 230 253;--global-colors-esf-sky-500: #0EA5E9;--global-colors-esf-sky-500-values: 14 165 233;--global-colors-esf-sky-950: #082F49;--global-colors-esf-sky-950-values: 8 47 73;--global-colors-esf-gray-50: #F9FAFB;--global-colors-esf-gray-50-values: 249 250 251;--global-colors-esf-gray-100: #F3F4F6;--global-colors-esf-gray-100-values: 243 244 246;--global-colors-esf-gray-200: #E5E7EB;--global-colors-esf-gray-200-values: 229 231 235;--global-colors-esf-gray-300: #D1D5DB;--global-colors-esf-gray-300-values: 209 213 219;--global-colors-esf-gray-400: #9CA3AF;--global-colors-esf-gray-400-values: 156 163 175;--global-colors-esf-gray-500: #6B7280;--global-colors-esf-gray-500-values: 107 114 128;--global-colors-esf-gray-600: #4B5563;--global-colors-esf-gray-600-values: 75 85 99;--global-colors-esf-gray-950: #030712;--global-colors-esf-gray-950-values: 3 7 18;--global-colors-esf-red-50: #FEF2F2;--global-colors-esf-red-50-values: 254 242 242;--global-colors-esf-red-100: #FEE2E2;--global-colors-esf-red-100-values: 254 226 226;--global-colors-esf-red-200: #FECACA;--global-colors-esf-red-200-values: 254 202 202;--global-colors-esf-red-500: #EF4444;--global-colors-esf-red-500-values: 239 68 68;--global-colors-esf-red-400: #F87171;--global-colors-esf-red-400-values: 248 113 113;--global-colors-esf-red-600: #DC2626;--global-colors-esf-red-600-values: 220 38 38;--global-colors-esf-red-800: #991B1B;--global-colors-esf-red-800-values: 153 27 27;--global-colors-esf-red-950: #450A0A;--global-colors-esf-red-950-values: 69 10 10;--global-colors-esf-green-50: #F0FDF4;--global-colors-esf-green-50-values: 240 253 244;--global-colors-esf-green-100: #DCFCE7;--global-colors-esf-green-100-values: 220 252 231;--global-colors-esf-green-200: #BBF7D0;--global-colors-esf-green-200-values: 187 247 208;--global-colors-esf-green-500: #22C55E;--global-colors-esf-green-500-values: 34 197 94;--global-colors-esf-green-950: #052E16;--global-colors-esf-green-950-values: 5 46 22;}<\/style>\n<div class=\"es-block-forms js-es-block-forms\" >\n\t<form\tclass=\"es-form js-es-block-form\"\n\t data-phone-sync='1' data-form-id='1930' data-post-id='1737' data-form-type='mailer' data-conditional-tags='[]' method='post' data-block-ssr='false' data-disabled-default-styles='false'\tnovalidate\n\tonsubmit=\"event.preventDefault();\"\n>\n\t\n\t<div\n\tclass=\"es-global-msg js-es-block-global-msg\"\n\t>\n\t<\/div>\n\t<div class=\"es-form__fields\">\n\t\t<div\tclass=\"es-field es-field--input js-es-block-field\"\n\tdata-id=\"6665d1e2\"\n\t data-field-name='email' data-field-type='input' data-type-custom='email'>\n\n\t\t<div class=\"es-field__inner\">\n\t\t\t\t\t<label\t\t\t\tclass=\"es-field__label es-field__label--is-required\"\n\t\t\t\tfor=\"email\"\n\t\t\t>\n\t\t\t\t<span class=\"es-field__label-inner\">\n\t\t\t\t\tE-mail\n\t\t\t\t\t\t\t\t\t<\/span>\n\t\t\t<\/label>\n\t\t\t\t<div class=\"es-field__content\">\n\t\t\t\t\t\t<div class=\"es-field__content-wrap\">\n\t\t\t\t\n\t<input\n\t\tclass=\"es-input\"\n\t\tname=\"email\"\n\t\tid=\"email\"\n\t\ttype=\"email\"\n\t\t\n\t\t\n\t\t\n\t\/>\n\t\n\t\t\t<\/div>\n\t\t\t\t\t<\/div>\n\t\t\t\t<div\n\tclass=\"es-error es-field__es-error js-es-block-error\"\n\tdata-id=\"email\"\n><\/div>\t<\/div>\n\n\t<\/div><div\tclass=\"es-field es-field--input js-es-block-field\"\n\tdata-id=\"8c1126ee\"\n\t data-field-name='Phone' data-field-type='input' data-type-custom='text'>\n\n\t\t<div class=\"es-field__inner\">\n\t\t\t\t\t<label\t\t\t\tclass=\"es-field__label\"\n\t\t\t\tfor=\"Phone\"\n\t\t\t>\n\t\t\t\t<span class=\"es-field__label-inner\">\n\t\t\t\t\tTelefon Nummer\n\t\t\t\t\t\t\t\t\t<\/span>\n\t\t\t<\/label>\n\t\t\t\t<div class=\"es-field__content\">\n\t\t\t\t\t\t<div class=\"es-field__content-wrap\">\n\t\t\t\t\n\t<input\n\t\tclass=\"es-input\"\n\t\tname=\"Phone\"\n\t\tid=\"Phone\"\n\t\ttype=\"text\"\n\t\t\n\t\t\n\t\t\n\t\/>\n\t\n\t\t\t<\/div>\n\t\t\t\t\t<\/div>\n\t\t\t\t<div\n\tclass=\"es-error es-field__es-error js-es-block-error\"\n\tdata-id=\"Phone\"\n><\/div>\t<\/div>\n\n\t<\/div><div\tclass=\"es-field es-field--input js-es-block-field\"\n\tdata-id=\"d51c4979\"\n\t data-field-name='name' data-field-type='input' data-type-custom='text'>\n\n\t\t<div class=\"es-field__inner\">\n\t\t\t\t\t<label\t\t\t\tclass=\"es-field__label es-field__label--is-required\"\n\t\t\t\tfor=\"name\"\n\t\t\t>\n\t\t\t\t<span class=\"es-field__label-inner\">\n\t\t\t\t\tName\n\t\t\t\t\t\t\t\t\t<\/span>\n\t\t\t<\/label>\n\t\t\t\t<div class=\"es-field__content\">\n\t\t\t\t\t\t<div class=\"es-field__content-wrap\">\n\t\t\t\t\n\t<input\n\t\tclass=\"es-input\"\n\t\tname=\"name\"\n\t\tid=\"name\"\n\t\ttype=\"text\"\n\t\t\n\t\t\n\t\t\n\t\/>\n\t\n\t\t\t<\/div>\n\t\t\t\t\t<\/div>\n\t\t\t\t<div\n\tclass=\"es-error es-field__es-error js-es-block-error\"\n\tdata-id=\"name\"\n><\/div>\t<\/div>\n\n\t<\/div><div\tclass=\"es-field es-field--input js-es-block-field\"\n\tdata-id=\"ff49eb49\"\n\t data-field-name='subject' data-field-type='input' data-type-custom='text'>\n\n\t\t<div class=\"es-field__inner\">\n\t\t\t\t\t<label\t\t\t\tclass=\"es-field__label es-field__label--is-required\"\n\t\t\t\tfor=\"subject\"\n\t\t\t>\n\t\t\t\t<span class=\"es-field__label-inner\">\n\t\t\t\t\tBetreff\n\t\t\t\t\t\t\t\t\t<\/span>\n\t\t\t<\/label>\n\t\t\t\t<div class=\"es-field__content\">\n\t\t\t\t\t\t<div class=\"es-field__content-wrap\">\n\t\t\t\t\n\t<input\n\t\tclass=\"es-input\"\n\t\tname=\"subject\"\n\t\tid=\"subject\"\n\t\ttype=\"text\"\n\t\t\n\t\t\n\t\t\n\t\/>\n\t\n\t\t\t<\/div>\n\t\t\t\t\t<\/div>\n\t\t\t\t<div\n\tclass=\"es-error es-field__es-error js-es-block-error\"\n\tdata-id=\"subject\"\n><\/div>\t<\/div>\n\n\t<\/div><div\tclass=\"es-field es-field--textarea js-es-block-field\"\n\tdata-id=\"c990c54e\"\n\t data-field-name='message' data-field-type='textarea' data-type-custom='textarea'>\n\n\t\t<div class=\"es-field__inner\">\n\t\t\t\t\t<label\t\t\t\tclass=\"es-field__label\"\n\t\t\t\tfor=\"message\"\n\t\t\t>\n\t\t\t\t<span class=\"es-field__label-inner\">\n\t\t\t\t\tNachricht\n\t\t\t\t\t\t\t\t\t<\/span>\n\t\t\t<\/label>\n\t\t\t\t<div class=\"es-field__content\">\n\t\t\t\t\t\t<div class=\"es-field__content-wrap\">\n\t\t\t\t<textarea\n\t\tclass=\"es-textarea es-textarea__size--default\"\n\t\tname=\"message\"\n\t\tid=\"message\"\n\t\t\n\t\t\n\t\t\n\t><\/textarea>\n\t\n\t\t\t<\/div>\n\t\t\t\t\t<\/div>\n\t\t\t\t<div\n\tclass=\"es-error es-field__es-error js-es-block-error\"\n\tdata-id=\"message\"\n><\/div>\t<\/div>\n\n\t<\/div><div\tclass=\"es-field es-field--submit js-es-block-field\"\n\tdata-id=\"2afe8a8e\"\n\t data-field-type='submit'>\n\n\t\t<div class=\"es-field__inner\">\n\t\t\t\t<div class=\"es-field__content\">\n\t\t\t\t\t\t<div class=\"es-field__content-wrap\">\n\t\t\t\t\n\t<button\n\t\tclass=\"es-submit es-submit--default\"\n\t\t\n\t><span class=\"es-submit__inner\"> Senden<\/span><\/button>\n\t\n\t\t\t<\/div>\n\t\t\t\t\t<\/div>\n\t\t\t\t\t<\/div>\n\n\t<\/div>\n\t\t\t<\/div>\n\n\t<div class=\"es-loader js-es-block-loader es-loader__form\">\n\t<svg xmlns='http:\/\/www.w3.org\/2000\/svg' width='44' height='44' viewBox='0 0 44 44'><g fill='none' fill-rule='evenodd' stroke-width='2'><circle cx='22' cy='22' r='1' stroke='var(--loader-color-1, currentColor)'><animate attributeName='r' begin='0s' dur='1.8s' values='1; 20' calcMode='spline' keyTimes='0; 1' keySplines='0.165, 0.84, 0.44, 1' repeatCount='indefinite'\/><animate attributeName='stroke-opacity' begin='0s' dur='1.8s' values='1; 0' calcMode='spline' keyTimes='0; 1' keySplines='0.3, 0.61, 0.355, 1' repeatCount='indefinite'\/><\/circle><circle cx='22' cy='22' r='1' stroke='var(--loader-color-2, currentColor)'><animate attributeName='r' begin='-0.9s' dur='1.8s' values='1; 20' calcMode='spline' keyTimes='0; 1' keySplines='0.165, 0.84, 0.44, 1' repeatCount='indefinite'\/><animate attributeName='stroke-opacity' begin='-0.9s' dur='1.8s' values='1; 0' calcMode='spline' keyTimes='0; 1' keySplines='0.3, 0.61, 0.355, 1' repeatCount='indefinite'\/><\/circle><\/g><\/svg><\/div><\/form><div class=\"es-loader js-es-block-loader es-loader__geolocation\">\n\t<svg xmlns='http:\/\/www.w3.org\/2000\/svg' width='44' height='44' viewBox='0 0 44 44'><g fill='none' fill-rule='evenodd' stroke-width='2'><circle cx='22' cy='22' r='1' stroke='var(--loader-color-1, currentColor)'><animate attributeName='r' begin='0s' dur='1.8s' values='1; 20' calcMode='spline' keyTimes='0; 1' keySplines='0.165, 0.84, 0.44, 1' repeatCount='indefinite'\/><animate attributeName='stroke-opacity' begin='0s' dur='1.8s' values='1; 0' calcMode='spline' keyTimes='0; 1' keySplines='0.3, 0.61, 0.355, 1' repeatCount='indefinite'\/><\/circle><circle cx='22' cy='22' r='1' stroke='var(--loader-color-2, currentColor)'><animate attributeName='r' begin='-0.9s' dur='1.8s' values='1; 20' calcMode='spline' keyTimes='0; 1' keySplines='0.165, 0.84, 0.44, 1' repeatCount='indefinite'\/><animate attributeName='stroke-opacity' begin='-0.9s' dur='1.8s' values='1; 0' calcMode='spline' keyTimes='0; 1' keySplines='0.3, 0.61, 0.355, 1' repeatCount='indefinite'\/><\/circle><\/g><\/svg><\/div><\/div>\n\n<style id='esFormsCssVariables'>.es-field[data-id='6665d1e2']{--es-field-width: calc((12 \/ 12) * 100%);} .es-field[data-id='8c1126ee']{--es-field-width: calc((12 \/ 12) * 100%);} .es-field[data-id='d51c4979']{--es-field-width: calc((12 \/ 12) * 100%);} .es-field[data-id='ff49eb49']{--es-field-width: calc((12 \/ 12) * 100%);} .es-field[data-id='c990c54e']{--es-field-width: calc((12 \/ 12) * 100%);} .es-field[data-id='2afe8a8e']{--es-field-width: calc((12 \/ 12) * 100%);}  <\/style>\n\n<div\n\tclass=\"wrapper wrapper__bg-color--white  wrapper__spacing-bottom-large--40 wrapper__spacing-top-in-large--20 wrapper__spacing-bottom-in-large--80     wrapper__border-color-large--primary wrapper__border-size-large--none\"\n\t>\n\n\t\n\t\t\t<div class=\"wrapper__container wrapper__container-width-large--default wrapper__gutter-desktop--default wrapper__gutter-tablet--small\">\n\t\t\t<div class=\"wrapper__inner wrapper__width-large--6 wrapper__width-mobile--12 wrapper__offset-large--2 wrapper__offset-mobile--0\">\n\t\t\t\t<p class=\"paragraph paragraph__color--black paragraph__size--smaller-constant paragraph__align--left paragraph__font-family--sans block-paragraph__paragraph\">\n\tVielen Dank, dass Sie sich mit EuroTeleSites in Verbindung setzen. Nachdem Sie das Formular abgeschickt haben, erhalten Sie eine Best\u00e4tigungs-E-Mail in Ihrer Mailbox. Bitte \u00fcberpr\u00fcfen Sie auch Ihren Spam-Ordner. Wir werden uns in K\u00fcrze mit Ihnen in Verbindung setzen.<\/p>\t\t\t<\/div>\n\t\t<\/div>\n\t<\/div>\n","protected":false},"excerpt":{"rendered":"","protected":false},"author":3,"featured_media":0,"parent":0,"menu_order":0,"comment_status":"closed","ping_status":"closed","template":"","meta":{"_acf_changed":false,"footnotes":""},"departments":[],"class_list":["post-1737","page","type-page","status-publish","hentry"],"acf":[],"yoast_head":"<!-- This site is optimized with the Yoast SEO plugin v27.4 - https:\/\/yoast.com\/product\/yoast-seo-wordpress\/ -->\n<title>Kontakt Formular - EuroTeleSites<\/title>\n<meta name=\"robots\" content=\"index, follow, max-snippet:-1, max-image-preview:large, max-video-preview:-1\" \/>\n<link rel=\"canonical\" href=\"https:\/\/eurotelesites.com\/de\/kontakt-formular\/\" \/>\n<meta property=\"og:locale\" content=\"de_DE\" \/>\n<meta property=\"og:type\" content=\"article\" \/>\n<meta property=\"og:title\" content=\"Kontakt Formular - EuroTeleSites\" \/>\n<meta property=\"og:url\" content=\"https:\/\/eurotelesites.com\/de\/kontakt-formular\/\" \/>\n<meta property=\"og:site_name\" content=\"EuroTeleSites\" \/>\n<meta property=\"article:modified_time\" content=\"2024-11-14T12:58:22+00:00\" \/>\n<meta name=\"twitter:card\" content=\"summary_large_image\" \/>\n<script type=\"application\/ld+json\" class=\"yoast-schema-graph\">{\"@context\":\"https:\\\/\\\/schema.org\",\"@graph\":[{\"@type\":\"WebPage\",\"@id\":\"https:\\\/\\\/eurotelesites.com\\\/de\\\/kontakt-formular\\\/\",\"url\":\"https:\\\/\\\/eurotelesites.com\\\/de\\\/kontakt-formular\\\/\",\"name\":\"Kontakt Formular - EuroTeleSites\",\"isPartOf\":{\"@id\":\"https:\\\/\\\/eurotelesites.com\\\/#website\"},\"datePublished\":\"2024-10-04T08:36:20+00:00\",\"dateModified\":\"2024-11-14T12:58:22+00:00\",\"breadcrumb\":{\"@id\":\"https:\\\/\\\/eurotelesites.com\\\/de\\\/kontakt-formular\\\/#breadcrumb\"},\"inLanguage\":\"de-DE\",\"potentialAction\":[{\"@type\":\"ReadAction\",\"target\":[\"https:\\\/\\\/eurotelesites.com\\\/de\\\/kontakt-formular\\\/\"]}]},{\"@type\":\"BreadcrumbList\",\"@id\":\"https:\\\/\\\/eurotelesites.com\\\/de\\\/kontakt-formular\\\/#breadcrumb\",\"itemListElement\":[{\"@type\":\"ListItem\",\"position\":1,\"name\":\"Home\",\"item\":\"https:\\\/\\\/eurotelesites.com\\\/de\\\/\"},{\"@type\":\"ListItem\",\"position\":2,\"name\":\"Kontakt Formular\"}]},{\"@type\":\"WebSite\",\"@id\":\"https:\\\/\\\/eurotelesites.com\\\/#website\",\"url\":\"https:\\\/\\\/eurotelesites.com\\\/\",\"name\":\"EuroTeleSites\",\"description\":\"\",\"potentialAction\":[{\"@type\":\"SearchAction\",\"target\":{\"@type\":\"EntryPoint\",\"urlTemplate\":\"https:\\\/\\\/eurotelesites.com\\\/?s={search_term_string}\"},\"query-input\":{\"@type\":\"PropertyValueSpecification\",\"valueRequired\":true,\"valueName\":\"search_term_string\"}}],\"inLanguage\":\"de-DE\"}]}<\/script>\n<!-- \/ Yoast SEO plugin. -->","yoast_head_json":{"title":"Kontakt Formular - EuroTeleSites","robots":{"index":"index","follow":"follow","max-snippet":"max-snippet:-1","max-image-preview":"max-image-preview:large","max-video-preview":"max-video-preview:-1"},"canonical":"https:\/\/eurotelesites.com\/de\/kontakt-formular\/","og_locale":"de_DE","og_type":"article","og_title":"Kontakt Formular - EuroTeleSites","og_url":"https:\/\/eurotelesites.com\/de\/kontakt-formular\/","og_site_name":"EuroTeleSites","article_modified_time":"2024-11-14T12:58:22+00:00","twitter_card":"summary_large_image","schema":{"@context":"https:\/\/schema.org","@graph":[{"@type":"WebPage","@id":"https:\/\/eurotelesites.com\/de\/kontakt-formular\/","url":"https:\/\/eurotelesites.com\/de\/kontakt-formular\/","name":"Kontakt Formular - EuroTeleSites","isPartOf":{"@id":"https:\/\/eurotelesites.com\/#website"},"datePublished":"2024-10-04T08:36:20+00:00","dateModified":"2024-11-14T12:58:22+00:00","breadcrumb":{"@id":"https:\/\/eurotelesites.com\/de\/kontakt-formular\/#breadcrumb"},"inLanguage":"de-DE","potentialAction":[{"@type":"ReadAction","target":["https:\/\/eurotelesites.com\/de\/kontakt-formular\/"]}]},{"@type":"BreadcrumbList","@id":"https:\/\/eurotelesites.com\/de\/kontakt-formular\/#breadcrumb","itemListElement":[{"@type":"ListItem","position":1,"name":"Home","item":"https:\/\/eurotelesites.com\/de\/"},{"@type":"ListItem","position":2,"name":"Kontakt Formular"}]},{"@type":"WebSite","@id":"https:\/\/eurotelesites.com\/#website","url":"https:\/\/eurotelesites.com\/","name":"EuroTeleSites","description":"","potentialAction":[{"@type":"SearchAction","target":{"@type":"EntryPoint","urlTemplate":"https:\/\/eurotelesites.com\/?s={search_term_string}"},"query-input":{"@type":"PropertyValueSpecification","valueRequired":true,"valueName":"search_term_string"}}],"inLanguage":"de-DE"}]}},"_links":{"self":[{"href":"https:\/\/eurotelesites.com\/de\/wp-json\/wp\/v2\/pages\/1737","targetHints":{"allow":["GET"]}}],"collection":[{"href":"https:\/\/eurotelesites.com\/de\/wp-json\/wp\/v2\/pages"}],"about":[{"href":"https:\/\/eurotelesites.com\/de\/wp-json\/wp\/v2\/types\/page"}],"author":[{"embeddable":true,"href":"https:\/\/eurotelesites.com\/de\/wp-json\/wp\/v2\/users\/3"}],"replies":[{"embeddable":true,"href":"https:\/\/eurotelesites.com\/de\/wp-json\/wp\/v2\/comments?post=1737"}],"version-history":[{"count":4,"href":"https:\/\/eurotelesites.com\/de\/wp-json\/wp\/v2\/pages\/1737\/revisions"}],"predecessor-version":[{"id":1989,"href":"https:\/\/eurotelesites.com\/de\/wp-json\/wp\/v2\/pages\/1737\/revisions\/1989"}],"wp:attachment":[{"href":"https:\/\/eurotelesites.com\/de\/wp-json\/wp\/v2\/media?parent=1737"}],"wp:term":[{"taxonomy":"department","embeddable":true,"href":"https:\/\/eurotelesites.com\/de\/wp-json\/wp\/v2\/departments?post=1737"}],"curies":[{"name":"wp","href":"https:\/\/api.w.org\/{rel}","templated":true}]}}