{"id":2493,"date":"2025-08-05T07:55:34","date_gmt":"2025-08-05T07:55:34","guid":{"rendered":"https:\/\/eurotelesites.com\/?page_id=2493"},"modified":"2025-08-05T08:43:19","modified_gmt":"2025-08-05T08:43:19","slug":"kontakt","status":"publish","type":"page","link":"https:\/\/eurotelesites.com\/de\/kontakt\/","title":{"rendered":"Kontakt"},"content":{"rendered":"\n<div class=\"block-hero-image block-hero-image__size--large\">\n\t<div class=\"image-wrap block-hero-image__image-wrap\" data-align=\"top center\">\n\n\t\t\t<div\n\t\t\tstyle=\"background-image:url(https:\/\/eurotelesites.com\/wp-content\/uploads\/sites\/7\/2025\/08\/Contact-Header.png)\"\n\t\t\tclass=\"image image--bg image__rounded-corners--none block-hero-image__image\">\n\t\t<\/div>\n\t\n\t<\/div><\/div>\n\n\n<div\n\tclass=\"wrapper wrapper__bg-color--white  wrapper__spacing-bottom-large--40 wrapper__spacing-bottom-mobile--20 wrapper__spacing-top-in-large--20      wrapper__border-color-large--primary wrapper__border-size-large--none\"\n\t>\n\n\t\n\t\t\t<div class=\"wrapper__container wrapper__container-width-large--default wrapper__gutter-desktop--default wrapper__gutter-tablet--small\">\n\t\t\t<div class=\"wrapper__inner wrapper__width-large--9 wrapper__offset-large--1\">\n\t\t\t\t<div class='block-breadcrumbs'><a href='https:\/\/eurotelesites.com\/de\/' class='block-breadcrumbs__home' aria-label='Home link'><\/a><span><a class=\"block-breadcrumbs__link\" href=\" https:\/\/eurotelesites.com\/de\/ \">Home<\/a><\/span><\/div>\t\t\t<\/div>\n\t\t<\/div>\n\t<\/div>\n\n\n<div\n\tclass=\"wrapper wrapper__bg-color--white  wrapper__spacing-bottom-large--40 wrapper__spacing-bottom-mobile--20       wrapper__border-color-large--primary wrapper__border-size-large--none\"\n\t>\n\n\t\n\t\t\t<div class=\"wrapper__container wrapper__container-width-large--default wrapper__gutter-desktop--default wrapper__gutter-tablet--small\">\n\t\t\t<div class=\"wrapper__inner wrapper__width-large--10 wrapper__width-mobile--12 wrapper__offset-large--1 wrapper__offset-mobile--0\">\n\t\t\t\t<h2 class=\"heading heading__color--prussianBlue heading__size--large heading__align--left heading__font-family--serif heading__font-weight--bold block-heading__heading\">\n\tKontakt<\/h2>\t\t\t<\/div>\n\t\t<\/div>\n\t<\/div>\n\n\n<div\n\tclass=\"wrapper wrapper__bg-color--white  wrapper__spacing-bottom-large--20 wrapper__spacing-top-in-large--40 wrapper__spacing-top-in-mobile--10      wrapper__border-color-large--primary wrapper__border-size-large--none\"\n\t>\n\n\t\n\t\t\t<div class=\"wrapper__container wrapper__container-width-large--default wrapper__gutter-desktop--default wrapper__gutter-tablet--small\">\n\t\t\t<div class=\"wrapper__inner wrapper__width-large--7 wrapper__width-mobile--12 wrapper__offset-large--1 wrapper__offset-mobile--0\">\n\t\t\t\t<h2 class=\"heading heading__color--prussianBlue heading__size--small heading__align--left heading__font-family--serif heading__font-weight--bold block-heading__heading\">\n\tGenerelle Informationen<\/h2>\t\t\t<\/div>\n\t\t<\/div>\n\t<\/div>\n\n\n<div\n\tclass=\"wrapper wrapper__bg-color--white  wrapper__spacing-bottom-large--20  wrapper__spacing-bottom-in-large--0     wrapper__border-color-large--primary wrapper__border-size-large--none\"\n\t>\n\n\t\n\t\t\t<div class=\"wrapper__container wrapper__container-width-large--default wrapper__gutter-desktop--default wrapper__gutter-tablet--small\">\n\t\t\t<div class=\"wrapper__inner wrapper__width-large--7 wrapper__width-mobile--12 wrapper__offset-large--1 wrapper__offset-mobile--0\">\n\t\t\t\t<p class=\"paragraph paragraph__color--prussianBlue paragraph__size--default paragraph__align--left paragraph__font-family--sans block-paragraph__paragraph\">\n\tF\u00fcr allgemeine Anfragen steht Ihnen unser Team gerne zur Verf\u00fcgung. Wenn Sie Fragen zu unseren Dienstleistungen, Partnerschaften oder anderen Informationen haben, wenden Sie sich bitte an uns. Wir helfen Ihnen gerne!<\/p>\t\t\t<\/div>\n\t\t<\/div>\n\t<\/div>\n\n\n<div\n\tclass=\"wrapper wrapper__bg-color--white  wrapper__spacing-bottom-large--40  wrapper__spacing-bottom-in-large--120 wrapper__spacing-bottom-in-mobile--20     wrapper__border-color-large--primary wrapper__border-size-large--none\"\n\t>\n\n\t\n\t\t\t<div class=\"wrapper__container wrapper__container-width-large--default wrapper__gutter-desktop--default wrapper__gutter-tablet--small\">\n\t\t\t<div class=\"wrapper__inner wrapper__width-large--7 wrapper__offset-large--1 wrapper__offset-mobile--0\">\n\t\t\t\t<div class=\"btn-wrap btn-wrap__align--left block-button__btn-wrap\">\n\t\t\t<a\n\t\t\thref=\"https:\/\/eurotelesites.com\/de\/kontakt-formular\/\"\n\t\t\tclass=\"btn btn__color--primary btn__size--default btn__size-width--default btn__icon-position--left btn__font-family--sans  block-button__btn\"\n\t\t\tid=\"\"\n\t\t\ttitle=\"Kontakt\"\n\t\t\taria-label=\"\"\n\t\t\ttarget=_blank rel=\"noopener noreferrer\" \t\t>\n\t\t\t\t\t\tKontakt\t\t<\/a>\n\t<\/div>\t\t\t<\/div>\n\t\t<\/div>\n\t<\/div>\n\n\n<div\n\tclass=\"wrapper wrapper__bg-color--prussianBlue  wrapper__spacing-bottom-large--0 wrapper__spacing-top-in-large--60      wrapper__border-color-large--primary wrapper__border-size-large--none\"\n\t>\n\n\t\n\t\t\t<div class=\"wrapper__container wrapper__container-width-large--default wrapper__gutter-desktop--default wrapper__gutter-tablet--small\">\n\t\t\t<div class=\"wrapper__inner wrapper__width-large--7 wrapper__width-mobile--12 wrapper__offset-large--1 wrapper__offset-mobile--0\">\n\t\t\t\t<h2 class=\"heading heading__color--white heading__size--small heading__align--left heading__font-family--serif heading__font-weight--bold block-heading__heading\">\n\tService f\u00fcr bestehende Vermieter<\/h2>\t\t\t<\/div>\n\t\t<\/div>\n\t<\/div>\n\n\n<div\n\tclass=\"wrapper wrapper__bg-color--prussianBlue  wrapper__spacing-bottom-large--0 wrapper__spacing-top-in-large--10      wrapper__border-color-large--primary wrapper__border-size-large--none\"\n\t>\n\n\t\n\t\t\t<div class=\"wrapper__container wrapper__container-width-large--default wrapper__gutter-desktop--default wrapper__gutter-tablet--small\">\n\t\t\t<div class=\"wrapper__inner wrapper__width-large--8 wrapper__width-mobile--12 wrapper__offset-large--1 wrapper__offset-mobile--0\">\n\t\t\t\t<p class=\"paragraph paragraph__color--white paragraph__size--default paragraph__align--left paragraph__font-family--sans block-paragraph__paragraph\">\n\tWissen und Erfahrung sind der Schl\u00fcssel zur Vermietung von Telekommunikationsinfrastrukturen, sowohl in technischer als auch in finanzieller Hinsicht. EuroTeleSites ist in sechs L\u00e4ndern vom Bodensee bis zum Schwarzen Meer t\u00e4tig und nutzt sein internationales Know-how, um Vermietern ma\u00dfgeschneiderte, innovative Finanzl\u00f6sungen anzubieten, die ihren Bed\u00fcrfnissen und Erwartungen entsprechen.<\/p>\t\t\t<\/div>\n\t\t<\/div>\n\t<\/div>\n\n\n<div\n\tclass=\"wrapper wrapper__bg-color--prussianBlue  wrapper__spacing-bottom-large--0 wrapper__spacing-top-in-large--40 wrapper__spacing-bottom-in-large--40     wrapper__border-color-large--primary wrapper__border-size-large--none\"\n\t>\n\n\t\n\t\t\t<div class=\"wrapper__container wrapper__container-width-large--default wrapper__gutter-desktop--default wrapper__gutter-tablet--small\">\n\t\t\t<div class=\"wrapper__inner wrapper__width-large--12\">\n\t\t\t\t\n<div class=\"block-columns block-columns__gutter-large--30 block-columns__vertical-spacing-large--30\">\n\t\n\n<div class=\"block-column block-column__width-large--4 block-column__width-mobile--12 block-column__offset-large--1 block-column__offset-mobile--0    block-column__border-color-large--primary block-column__border-size-large--medium\">\n\t\n<div\n\tclass=\"wrapper wrapper__bg-color--prussianBlue  wrapper__spacing-bottom-large--20       wrapper__border-color-large--primary wrapper__border-size-large--none\"\n\t>\n\n\t\n\t\t\t<h2 class=\"heading heading__color--white heading__size--small heading__align--left heading__font-family--serif heading__font-weight--regular block-heading__heading\">\n\tWartungsanfragen<\/h2>\t<\/div>\n\n\n<div\n\tclass=\"wrapper wrapper__bg-color--prussianBlue  wrapper__spacing-bottom-large--40       wrapper__border-color-large--primary wrapper__border-size-large--none\"\n\t>\n\n\t\n\t\t\t<p class=\"paragraph paragraph__color--white paragraph__size--default paragraph__align--left paragraph__font-family--sans block-paragraph__paragraph\">\n\tF\u00fcr bestehende Vermieter mit Wartungsanfragen.<\/p>\t<\/div>\n\n\n<div\n\tclass=\"wrapper wrapper__bg-color--prussianBlue  wrapper__spacing-bottom-large--40       wrapper__border-color-large--primary wrapper__border-size-large--none\"\n\t>\n\n\t\n\t\t\t<div class=\"btn-wrap btn-wrap__align--left block-button__btn-wrap\">\n\t\t\t<a\n\t\t\thref=\"https:\/\/eurotelesites.com\/de\/landlord-wartungsformular\/\"\n\t\t\tclass=\"btn btn__color--primary btn__size--default btn__size-width--default btn__icon-position--left btn__font-family--sans  block-button__btn\"\n\t\t\tid=\"\"\n\t\t\ttitle=\"Kontakt Wartung\"\n\t\t\taria-label=\"\"\n\t\t\ttarget=_blank rel=\"noopener noreferrer\" \t\t>\n\t\t\t\t\t\tKontakt Wartung\t\t<\/a>\n\t<\/div>\t<\/div>\n\n<\/div>\n\n\n\n<div class=\"block-column block-column__width-large--4 block-column__width-mobile--12 block-column__offset-large--1 block-column__offset-mobile--0    block-column__border-color-large--primary block-column__border-size-large--medium\">\n\t\n<div\n\tclass=\"wrapper wrapper__bg-color--prussianBlue  wrapper__spacing-bottom-large--20       wrapper__border-color-large--primary wrapper__border-size-large--none\"\n\t>\n\n\t\n\t\t\t<h2 class=\"heading heading__color--white heading__size--small heading__align--left heading__font-family--serif heading__font-weight--regular block-heading__heading\">\n\tRechnungsanfragen<\/h2>\t<\/div>\n\n\n<div\n\tclass=\"wrapper wrapper__bg-color--prussianBlue  wrapper__spacing-bottom-large--40       wrapper__border-color-large--primary wrapper__border-size-large--none\"\n\t>\n\n\t\n\t\t\t<p class=\"paragraph paragraph__color--white paragraph__size--default paragraph__align--left paragraph__font-family--sans block-paragraph__paragraph\">\n\tF\u00fcr Anfragen zu Rechnungsdetails, Eigentums\u00e4nderungen, Adressaktualisierungen oder allgemeinen Rechnungsfragen.<\/p>\t<\/div>\n\n\n<div\n\tclass=\"wrapper wrapper__bg-color--prussianBlue  wrapper__spacing-bottom-large--40       wrapper__border-color-large--primary wrapper__border-size-large--none\"\n\t>\n\n\t\n\t\t\t<div class=\"btn-wrap btn-wrap__align--left block-button__btn-wrap\">\n\t\t\t<a\n\t\t\thref=\"https:\/\/eurotelesites.com\/de\/landlord-rechnungssupport-formular\/\"\n\t\t\tclass=\"btn btn__color--primary btn__size--default btn__size-width--default btn__icon-position--left btn__font-family--sans  block-button__btn\"\n\t\t\tid=\"\"\n\t\t\ttitle=\"Kontakt Rechnungen\"\n\t\t\taria-label=\"\"\n\t\t\ttarget=_blank rel=\"noopener noreferrer\" \t\t>\n\t\t\t\t\t\tKontakt Rechnungen\t\t<\/a>\n\t<\/div>\t<\/div>\n\n<\/div>\n\n<\/div>\n\t\t\t<\/div>\n\t\t<\/div>\n\t<\/div>\n\n\n<div\n\tclass=\"wrapper wrapper__bg-color--white  wrapper__spacing-bottom-large--40 wrapper__spacing-top-in-large--90      wrapper__border-color-large--primary wrapper__border-size-large--none\"\n\t>\n\n\t\n\t\t\t<div class=\"wrapper__container wrapper__container-width-large--default wrapper__gutter-desktop--default wrapper__gutter-tablet--small\">\n\t\t\t<div class=\"wrapper__inner wrapper__width-large--12\">\n\t\t\t\t\n<div class=\"block-columns block-columns__gutter-large--30 block-columns__vertical-spacing-large--30\">\n\t\n\n<div class=\"block-column block-column__width-large--4 block-column__width-mobile--12     block-column__border-color-large--primary block-column__border-size-large--none\">\n\t\n<div\n\tclass=\"wrapper wrapper__bg-color--white  wrapper__spacing-bottom-large--20       wrapper__border-color-large--primary wrapper__border-size-large--none\"\n\t>\n\n\t\n\t\t\t<div class=\"image-wrap block-image__image-wrap\" data-align=\"center center\">\n\n\t\t\t<div\n\t\t\tstyle=\"background-image:url(https:\/\/eurotelesites.com\/wp-content\/uploads\/sites\/7\/2023\/08\/iStock-1336620062-1-scaled.jpg)\"\n\t\t\tclass=\"image image--bg image__rounded-corners--none block-image__image\">\n\t\t<\/div>\n\t\n\t<\/div>\t<\/div>\n\n\n<div\n\tclass=\"wrapper wrapper__bg-color--white  wrapper__spacing-bottom-large--10       wrapper__border-color-large--primary wrapper__border-size-large--none\"\n\t>\n\n\t\n\t\t\t<h2 class=\"heading heading__color--prussianBlue heading__size--small heading__align--left heading__font-family--serif heading__font-weight--bold block-heading__heading\">\n\t\u00dcber uns<\/h2>\t<\/div>\n\n\n<div\n\tclass=\"wrapper wrapper__bg-color--white  wrapper__spacing-bottom-large--10       wrapper__border-color-large--primary wrapper__border-size-large--none\"\n\t>\n\n\t\n\t\t\t<p class=\"paragraph paragraph__color--prussianBlue paragraph__size--default-constant paragraph__align--left paragraph__font-family--sans block-paragraph__paragraph\">\n\tSchaffung einer nachhaltigen Grundlage f\u00fcr die digitale Transformation.<\/p>\t<\/div>\n\n\n<div\n\tclass=\"wrapper wrapper__bg-color--white  wrapper__spacing-bottom-large--40       wrapper__border-color-large--primary wrapper__border-size-large--none\"\n\t>\n\n\t\n\t\t\t<div class=\"link-wrap link-wrap__align--left block-link__link-wrap\">\n\t\t\t<a\n\t\t\thref=\"https:\/\/eurotelesites.com\/de\/ueber-uns\/\"\n\t\t\tclass=\"link link__color--primary link__size--default link__icon-position--left link__font-family--sans  block-link__link\"\n\t\t\tid=\"\"\n\t\t\ttitle=\"Mehr erfahren\"\n\t\t\taria-label=\"\"\n\t\t\t\t\t>\n\t\t\t\t\t\t<span class=\"link__content\">Mehr erfahren<\/span>\n\t\t<\/a>\n\t<\/div>\t<\/div>\n\n<\/div>\n\n\n\n<div class=\"block-column block-column__width-large--4 block-column__width-mobile--12     block-column__border-color-large--primary block-column__border-size-large--none\">\n\t\n<div\n\tclass=\"wrapper wrapper__bg-color--white  wrapper__spacing-bottom-large--20       wrapper__border-color-large--primary wrapper__border-size-large--none\"\n\t>\n\n\t\n\t\t\t<div class=\"image-wrap block-image__image-wrap\" data-align=\"center center\">\n\n\t\t\t<div\n\t\t\tstyle=\"background-image:url(https:\/\/eurotelesites.com\/wp-content\/uploads\/sites\/7\/2023\/09\/1170740969.jpg)\"\n\t\t\tclass=\"image image--bg image__rounded-corners--none block-image__image\">\n\t\t<\/div>\n\t\n\t<\/div>\t<\/div>\n\n\n<div\n\tclass=\"wrapper wrapper__bg-color--white  wrapper__spacing-bottom-large--10       wrapper__border-color-large--primary wrapper__border-size-large--none\"\n\t>\n\n\t\n\t\t\t<h2 class=\"heading heading__color--prussianBlue heading__size--small heading__align--left heading__font-family--serif heading__font-weight--bold block-heading__heading\">\n\tInvestor Relations<\/h2>\t<\/div>\n\n\n<div\n\tclass=\"wrapper wrapper__bg-color--white  wrapper__spacing-bottom-large--10       wrapper__border-color-large--primary wrapper__border-size-large--none\"\n\t>\n\n\t\n\t\t\t<p class=\"paragraph paragraph__color--prussianBlue paragraph__size--default-constant paragraph__align--left paragraph__font-family--sans block-paragraph__paragraph\">\n\tEuroTeleSites ist ein f\u00fchrende Anbieter von drahtloser Kommunikationsinfrastruktur in Mittel- und Osteuropa<\/p>\t<\/div>\n\n\n<div\n\tclass=\"wrapper wrapper__bg-color--white  wrapper__spacing-bottom-large--40       wrapper__border-color-large--primary wrapper__border-size-large--none\"\n\t>\n\n\t\n\t\t\t<div class=\"link-wrap link-wrap__align--left block-link__link-wrap\">\n\t\t\t<a\n\t\t\thref=\"https:\/\/eurotelesites.com\/de\/investor-relations\/\"\n\t\t\tclass=\"link link__color--primary link__size--default link__icon-position--left link__font-family--sans  block-link__link\"\n\t\t\tid=\"\"\n\t\t\ttitle=\"Mehr erfahren\"\n\t\t\taria-label=\"\"\n\t\t\t\t\t>\n\t\t\t\t\t\t<span class=\"link__content\">Mehr erfahren<\/span>\n\t\t<\/a>\n\t<\/div>\t<\/div>\n\n<\/div>\n\n\n\n<div class=\"block-column block-column__width-large--4 block-column__width-mobile--12     block-column__border-color-large--primary block-column__border-size-large--none\">\n\t\n<div\n\tclass=\"wrapper wrapper__bg-color--white  wrapper__spacing-bottom-large--20       wrapper__border-color-large--primary wrapper__border-size-large--none\"\n\t>\n\n\t\n\t\t\t<div class=\"image-wrap block-image__image-wrap\" data-align=\"center center\">\n\n\t\t\t<div\n\t\t\tstyle=\"background-image:url(https:\/\/eurotelesites.com\/wp-content\/uploads\/sites\/7\/2023\/08\/iStock-836184236-Kopie-scaled.jpg)\"\n\t\t\tclass=\"image image--bg image__rounded-corners--none block-image__image\">\n\t\t<\/div>\n\t\n\t<\/div>\t<\/div>\n\n\n<div\n\tclass=\"wrapper wrapper__bg-color--white  wrapper__spacing-bottom-large--10       wrapper__border-color-large--primary wrapper__border-size-large--none\"\n\t>\n\n\t\n\t\t\t<h2 class=\"heading heading__color--prussianBlue heading__size--small heading__align--left heading__font-family--serif heading__font-weight--bold block-heading__heading\">\n\t<strong>Nachhaltigkeit<\/strong><\/h2>\t<\/div>\n\n\n<div\n\tclass=\"wrapper wrapper__bg-color--white  wrapper__spacing-bottom-large--10       wrapper__border-color-large--primary wrapper__border-size-large--none\"\n\t>\n\n\t\n\t\t\t<p class=\"paragraph paragraph__color--prussianBlue paragraph__size--default-constant paragraph__align--left paragraph__font-family--sans block-paragraph__paragraph\">\n\tSchaffung einer nachhaltigen Grundlage f\u00fcr die digitale Transformation.<\/p>\t<\/div>\n\n\n<div\n\tclass=\"wrapper wrapper__bg-color--white  wrapper__spacing-bottom-large--40       wrapper__border-color-large--primary wrapper__border-size-large--none\"\n\t>\n\n\t\n\t\t\t<div class=\"link-wrap link-wrap__align--left block-link__link-wrap\">\n\t\t\t<a\n\t\t\thref=\"https:\/\/eurotelesites.com\/de\/nachhaltigkeit\/\"\n\t\t\tclass=\"link link__color--primary link__size--default link__icon-position--left link__font-family--sans  block-link__link\"\n\t\t\tid=\"\"\n\t\t\ttitle=\"Mehr erfahren\"\n\t\t\taria-label=\"\"\n\t\t\t\t\t>\n\t\t\t\t\t\t<span class=\"link__content\">Mehr erfahren<\/span>\n\t\t<\/a>\n\t<\/div>\t<\/div>\n\n<\/div>\n\n<\/div>\n\t\t\t<\/div>\n\t\t<\/div>\n\t<\/div>\n","protected":false},"excerpt":{"rendered":"","protected":false},"author":3,"featured_media":0,"parent":0,"menu_order":0,"comment_status":"closed","ping_status":"closed","template":"","meta":{"_acf_changed":false,"footnotes":""},"departments":[],"class_list":["post-2493","page","type-page","status-publish","hentry"],"acf":[],"yoast_head":"<!-- This site is optimized with the Yoast SEO plugin v27.4 - https:\/\/yoast.com\/product\/yoast-seo-wordpress\/ -->\n<title>Kontakt - EuroTeleSites<\/title>\n<meta name=\"robots\" content=\"index, follow, max-snippet:-1, max-image-preview:large, max-video-preview:-1\" \/>\n<link rel=\"canonical\" href=\"https:\/\/eurotelesites.com\/de\/kontakt\/\" \/>\n<meta property=\"og:locale\" content=\"de_DE\" \/>\n<meta property=\"og:type\" content=\"article\" \/>\n<meta property=\"og:title\" content=\"Kontakt - EuroTeleSites\" \/>\n<meta property=\"og:url\" content=\"https:\/\/eurotelesites.com\/de\/kontakt\/\" \/>\n<meta property=\"og:site_name\" content=\"EuroTeleSites\" \/>\n<meta property=\"article:modified_time\" content=\"2025-08-05T08:43:19+00:00\" \/>\n<meta name=\"twitter:card\" content=\"summary_large_image\" \/>\n<meta name=\"twitter:label1\" content=\"Est. reading time\" \/>\n\t<meta name=\"twitter:data1\" content=\"1 minute\" \/>\n<script type=\"application\/ld+json\" class=\"yoast-schema-graph\">{\"@context\":\"https:\\\/\\\/schema.org\",\"@graph\":[{\"@type\":\"WebPage\",\"@id\":\"https:\\\/\\\/eurotelesites.com\\\/de\\\/kontakt\\\/\",\"url\":\"https:\\\/\\\/eurotelesites.com\\\/de\\\/kontakt\\\/\",\"name\":\"Kontakt - EuroTeleSites\",\"isPartOf\":{\"@id\":\"https:\\\/\\\/eurotelesites.com\\\/#website\"},\"datePublished\":\"2025-08-05T07:55:34+00:00\",\"dateModified\":\"2025-08-05T08:43:19+00:00\",\"breadcrumb\":{\"@id\":\"https:\\\/\\\/eurotelesites.com\\\/de\\\/kontakt\\\/#breadcrumb\"},\"inLanguage\":\"de-DE\",\"potentialAction\":[{\"@type\":\"ReadAction\",\"target\":[\"https:\\\/\\\/eurotelesites.com\\\/de\\\/kontakt\\\/\"]}]},{\"@type\":\"BreadcrumbList\",\"@id\":\"https:\\\/\\\/eurotelesites.com\\\/de\\\/kontakt\\\/#breadcrumb\",\"itemListElement\":[{\"@type\":\"ListItem\",\"position\":1,\"name\":\"Home\",\"item\":\"https:\\\/\\\/eurotelesites.com\\\/de\\\/\"},{\"@type\":\"ListItem\",\"position\":2,\"name\":\"Kontakt\"}]},{\"@type\":\"WebSite\",\"@id\":\"https:\\\/\\\/eurotelesites.com\\\/#website\",\"url\":\"https:\\\/\\\/eurotelesites.com\\\/\",\"name\":\"EuroTeleSites\",\"description\":\"\",\"potentialAction\":[{\"@type\":\"SearchAction\",\"target\":{\"@type\":\"EntryPoint\",\"urlTemplate\":\"https:\\\/\\\/eurotelesites.com\\\/?s={search_term_string}\"},\"query-input\":{\"@type\":\"PropertyValueSpecification\",\"valueRequired\":true,\"valueName\":\"search_term_string\"}}],\"inLanguage\":\"de-DE\"}]}<\/script>\n<!-- \/ Yoast SEO plugin. -->","yoast_head_json":{"title":"Kontakt - EuroTeleSites","robots":{"index":"index","follow":"follow","max-snippet":"max-snippet:-1","max-image-preview":"max-image-preview:large","max-video-preview":"max-video-preview:-1"},"canonical":"https:\/\/eurotelesites.com\/de\/kontakt\/","og_locale":"de_DE","og_type":"article","og_title":"Kontakt - EuroTeleSites","og_url":"https:\/\/eurotelesites.com\/de\/kontakt\/","og_site_name":"EuroTeleSites","article_modified_time":"2025-08-05T08:43:19+00:00","twitter_card":"summary_large_image","twitter_misc":{"Est. reading time":"1 minute"},"schema":{"@context":"https:\/\/schema.org","@graph":[{"@type":"WebPage","@id":"https:\/\/eurotelesites.com\/de\/kontakt\/","url":"https:\/\/eurotelesites.com\/de\/kontakt\/","name":"Kontakt - EuroTeleSites","isPartOf":{"@id":"https:\/\/eurotelesites.com\/#website"},"datePublished":"2025-08-05T07:55:34+00:00","dateModified":"2025-08-05T08:43:19+00:00","breadcrumb":{"@id":"https:\/\/eurotelesites.com\/de\/kontakt\/#breadcrumb"},"inLanguage":"de-DE","potentialAction":[{"@type":"ReadAction","target":["https:\/\/eurotelesites.com\/de\/kontakt\/"]}]},{"@type":"BreadcrumbList","@id":"https:\/\/eurotelesites.com\/de\/kontakt\/#breadcrumb","itemListElement":[{"@type":"ListItem","position":1,"name":"Home","item":"https:\/\/eurotelesites.com\/de\/"},{"@type":"ListItem","position":2,"name":"Kontakt"}]},{"@type":"WebSite","@id":"https:\/\/eurotelesites.com\/#website","url":"https:\/\/eurotelesites.com\/","name":"EuroTeleSites","description":"","potentialAction":[{"@type":"SearchAction","target":{"@type":"EntryPoint","urlTemplate":"https:\/\/eurotelesites.com\/?s={search_term_string}"},"query-input":{"@type":"PropertyValueSpecification","valueRequired":true,"valueName":"search_term_string"}}],"inLanguage":"de-DE"}]}},"_links":{"self":[{"href":"https:\/\/eurotelesites.com\/de\/wp-json\/wp\/v2\/pages\/2493","targetHints":{"allow":["GET"]}}],"collection":[{"href":"https:\/\/eurotelesites.com\/de\/wp-json\/wp\/v2\/pages"}],"about":[{"href":"https:\/\/eurotelesites.com\/de\/wp-json\/wp\/v2\/types\/page"}],"author":[{"embeddable":true,"href":"https:\/\/eurotelesites.com\/de\/wp-json\/wp\/v2\/users\/3"}],"replies":[{"embeddable":true,"href":"https:\/\/eurotelesites.com\/de\/wp-json\/wp\/v2\/comments?post=2493"}],"version-history":[{"count":2,"href":"https:\/\/eurotelesites.com\/de\/wp-json\/wp\/v2\/pages\/2493\/revisions"}],"predecessor-version":[{"id":2495,"href":"https:\/\/eurotelesites.com\/de\/wp-json\/wp\/v2\/pages\/2493\/revisions\/2495"}],"wp:attachment":[{"href":"https:\/\/eurotelesites.com\/de\/wp-json\/wp\/v2\/media?parent=2493"}],"wp:term":[{"taxonomy":"department","embeddable":true,"href":"https:\/\/eurotelesites.com\/de\/wp-json\/wp\/v2\/departments?post=2493"}],"curies":[{"name":"wp","href":"https:\/\/api.w.org\/{rel}","templated":true}]}}