{"id":552,"date":"2023-08-09T07:51:22","date_gmt":"2023-08-09T07:51:22","guid":{"rendered":"https:\/\/eurotelesites.com\/?page_id=552"},"modified":"2023-09-18T07:47:50","modified_gmt":"2023-09-18T07:47:50","slug":"datenschutzhinweis","status":"publish","type":"page","link":"https:\/\/eurotelesites.com\/de\/datenschutzhinweis\/","title":{"rendered":"Datenschutzhinweis"},"content":{"rendered":"<div\n\tclass=\"wrapper wrapper__bg-color--white  wrapper__spacing-bottom-large--40 wrapper__spacing-top-in-large--90      wrapper__border-color-large--primary wrapper__border-size-large--none\"\n\t>\n\n\t\n\t\t\t<div class=\"wrapper__container wrapper__container-width-large--default wrapper__gutter-desktop--default wrapper__gutter-tablet--small\">\n\t\t\t<div class=\"wrapper__inner wrapper__width-large--9 wrapper__offset-large--1\">\n\t\t\t\t<div class='block-breadcrumbs'><a href='https:\/\/eurotelesites.com\/de\/' class='block-breadcrumbs__home' aria-label='Home link'><\/a><span><a class=\"block-breadcrumbs__link\" href=\" https:\/\/eurotelesites.com\/de\/ \">Home<\/a><\/span><\/div>\t\t\t<\/div>\n\t\t<\/div>\n\t<\/div>\n\n\n<div\n\tclass=\"wrapper wrapper__bg-color--white  wrapper__spacing-bottom-large--40       wrapper__border-color-large--primary wrapper__border-size-large--none\"\n\t>\n\n\t\n\t\t\t<div class=\"wrapper__container wrapper__container-width-large--default wrapper__gutter-desktop--default wrapper__gutter-tablet--small\">\n\t\t\t<div class=\"wrapper__inner wrapper__width-large--10 wrapper__offset-large--1\">\n\t\t\t\t<h2 class=\"heading heading__color--black heading__size--large heading__align--left heading__font-family--serif heading__font-weight--bold block-heading__heading\">\n\tDatenschutzhinweis<\/h2>\t\t\t<\/div>\n\t\t<\/div>\n\t<\/div>\n\n\n<div\n\tclass=\"wrapper wrapper__bg-color--white  wrapper__spacing-bottom-large--40  wrapper__spacing-bottom-in-large--120     wrapper__border-color-large--primary wrapper__border-size-large--none\"\n\t>\n\n\t\n\t\t\t<div class=\"wrapper__container wrapper__container-width-large--default wrapper__gutter-desktop--default wrapper__gutter-tablet--small\">\n\t\t\t<div class=\"wrapper__inner wrapper__width-large--9 wrapper__offset-large--1\">\n\t\t\t\t<p class=\"paragraph paragraph__color--black paragraph__size--default paragraph__align--left paragraph__font-family--sans block-paragraph__paragraph\">\n\t<strong>Name und Kontaktinformationen des f\u00fcr die Verarbeitung Verantwortlichen<\/strong><br>EuroTeleSites AG<br>Lassallestra\u00dfe 9<br>1020 Wien<br><a href=\"mailto:info@eurotelesites.com\">info@eurotelesites.com<\/a><br><br><strong>Verarbeitete personenbezogene Daten<br><\/strong>Name, E-Mail-Adresse, Inhalt der E-Mail-Kommunikation mit dem f\u00fcr die Verarbeitung Verantwortlichen.<br>Diese Website verwendet Cookies. Einzelheiten finden Sie in unserem Cookie Management Tool.<br><br><strong>Quelle der personenbezogenen Daten<br><\/strong>Die personenbezogenen Daten werden von der betroffenen Person zur Verf\u00fcgung gestellt.<br><br><strong>Zweck und Rechtsgrundlage der Datenverarbeitung<br><\/strong>Der Zweck der Datenverarbeitung ist die Bereitstellung von Informationen \u00fcber EuroTeleSites und die Beantwortung von Anfragen per E-Mail.<br>Wenn Sie sich in die Mailingliste des Newsrooms eintragen, verwendet EuroTeleSites Ihre E-Mail-Adresse, um Sie automatisch mit den neuesten Pressemitteilungen zu versorgen, bis Sie Ihre Zustimmung dazu zur\u00fcckziehen.<br><br><strong>Empf\u00e4nger der personenbezogenen Daten<br><\/strong>Der f\u00fcr die Verarbeitung Verantwortliche gibt keine personenbezogenen Daten an Dritte weiter.<br>\u00dcbermittlung von Daten an ein Drittland oder eine internationale Organisation<br>Personenbezogene Daten werden nicht an ein Drittland oder eine internationale Organisation \u00fcbermittelt.<br><br><strong>Dauer der Verarbeitung<br><\/strong>Personenbezogene Daten zur Beantwortung von E-Mail-Anfragen werden bis zu drei Jahre lang gespeichert und danach gel\u00f6scht.<br><br><strong>Rechte der betroffenen Person<br>Recht auf Auskunft:<br><\/strong>Der Betroffene kann eine Best\u00e4tigung dar\u00fcber verlangen, ob und in welchem Umfang EuroTeleSites seine Daten verarbeitet. Zum Schutz der Daten kann es notwendig sein, dass EuroTeleSites eine Identit\u00e4tspr\u00fcfung durchf\u00fchrt.<br><br><strong>Recht auf Berichtigung:<br><\/strong>Wenn EuroTeleSites personenbezogene Daten der betroffenen Person(en) verarbeitet, die unvollst\u00e4ndig oder unrichtig sind, kann die betroffene Person jederzeit deren Berichtigung oder Erg\u00e4nzung verlangen.<br><br><strong>Recht auf L\u00f6schung:<br><\/strong>Die betroffene Person kann die L\u00f6schung personenbezogener Daten verlangen, wenn EuroTeleSites diese unrechtm\u00e4\u00dfig verarbeitet oder wenn die Verarbeitung die berechtigten Interessen des Schutzes in unverh\u00e4ltnism\u00e4\u00dfiger Weise beeintr\u00e4chtigt. Es kann jedoch Gr\u00fcnde geben, die einer sofortigen L\u00f6schung entgegenstehen, z.B. im Falle von gesetzlich geregelten Aufbewahrungspflichten.<br><br><strong>Recht auf Einschr\u00e4nkung der Verarbeitung:<\/strong><br>Die betroffene Person kann die Einschr\u00e4nkung der Verarbeitung ihrer Daten verlangen, wenn:<br><br>&#8211; er\/sie die Richtigkeit der Daten w\u00e4hrend eines Zeitraums bestreitet, der es EuroTeleSites erm\u00f6glicht, die Richtigkeit der Daten zu \u00fcberpr\u00fcfen.<br><br>&#8211; die Verarbeitung der Daten unrechtm\u00e4\u00dfig ist, aber die betroffene Person die L\u00f6schung ablehnt und stattdessen die Einschr\u00e4nkung der Nutzung der Daten verlangt,<br><br>&#8211; EuroTeleSites die Daten f\u00fcr den vorgesehenen Zweck nicht mehr ben\u00f6tigt, die betroffene Person diese Daten aber noch zur Geltendmachung oder Verteidigung von Rechtsanspr\u00fcchen ben\u00f6tigt, oder<br>die betroffene Person hat der Verarbeitung der Daten widersprochen.<br><br><strong>Recht auf Daten\u00fcbertragbarkeit:<br><\/strong>Die betroffene Person kann verlangen, dass EuroTeleSites die bereitgestellten Daten in einem strukturierten, g\u00e4ngigen und maschinenlesbaren Format zur Verf\u00fcgung stellt, vorausgesetzt, dass:<br><br>&#8211; diese Daten auf der Grundlage einer erteilten und widerruflichen Einwilligung oder zur Erf\u00fcllung eines Vertrags verarbeitet werden, und<br><br>&#8211; diese Verarbeitung mit Hilfe von automatisierten Verfahren durchgef\u00fchrt wird.<br><br><strong>Recht auf Widerspruch: <\/strong>Verarbeitet EuroTeleSites Daten zur Wahrnehmung von Aufgaben, die im \u00f6ffentlichen Interesse liegen, zur Aus\u00fcbung \u00f6ffentlicher Gewalt oder beruft sich auf die Wahrung seines berechtigten Interesses an der Verarbeitung, kann der Betroffene dieser Datenverarbeitung widersprechen, sofern ein \u00fcberwiegendes Interesse am Schutz der Daten besteht.<br><br><strong>Widerruf der Einwilligung<\/strong><br>Beruht die Verarbeitung personenbezogener Daten auf einer Einwilligung der betroffenen Person, so hat diese das Recht, diese Einwilligung jederzeit zu widerrufen, ohne dass dadurch die Rechtm\u00e4\u00dfigkeit der Verarbeitung ber\u00fchrt wird.<br><br><strong>Beschwerde bei den Datenschutzbeh\u00f6rden<br><\/strong>Wenn die betroffene Person der Meinung ist, dass EuroTeleSites bei der Verarbeitung personenbezogener Daten gegen \u00f6sterreichisches oder europ\u00e4isches Datenschutzrecht verst\u00f6\u00dft, hat sie das Recht, eine Beschwerde bei der \u00f6sterreichischen Datenschutzbeh\u00f6rde (www.dsb.gv.at) sowie bei einer Aufsichtsbeh\u00f6rde innerhalb der EU einzureichen.<br><br><strong>Folgen der Nichtbereitstellung<br><\/strong>Die Bereitstellung der personenbezogenen Daten ist f\u00fcr den Abschluss des jeweils gew\u00e4hlten Vertragsverh\u00e4ltnisses erforderlich, bei Nichtbereitstellung kann ein Vertrag nicht geschlossen werden.<br><br><strong>Automatisierte Entscheidungsfindung<br><\/strong>Es wird keine automatisierte Entscheidungsfindung durchgef\u00fchrt.<\/p>\t\t\t<\/div>\n\t\t<\/div>\n\t<\/div>\n","protected":false},"excerpt":{"rendered":"","protected":false},"author":3,"featured_media":0,"parent":0,"menu_order":0,"comment_status":"closed","ping_status":"closed","template":"","meta":{"_acf_changed":false,"footnotes":""},"departments":[],"class_list":["post-552","page","type-page","status-publish","hentry"],"acf":[],"yoast_head":"<!-- This site is optimized with the Yoast SEO plugin v27.4 - https:\/\/yoast.com\/product\/yoast-seo-wordpress\/ -->\n<title>Datenschutzhinweis - EuroTeleSites<\/title>\n<meta name=\"robots\" content=\"index, follow, max-snippet:-1, max-image-preview:large, max-video-preview:-1\" \/>\n<link rel=\"canonical\" href=\"https:\/\/eurotelesites.com\/data-privacy-notice\/\" \/>\n<meta property=\"og:locale\" content=\"de_DE\" \/>\n<meta property=\"og:type\" content=\"article\" \/>\n<meta property=\"og:title\" content=\"Datenschutzhinweis - EuroTeleSites\" \/>\n<meta property=\"og:url\" content=\"https:\/\/eurotelesites.com\/data-privacy-notice\/\" \/>\n<meta property=\"og:site_name\" content=\"EuroTeleSites\" \/>\n<meta property=\"article:modified_time\" content=\"2023-09-18T07:47:50+00:00\" \/>\n<meta name=\"twitter:card\" content=\"summary_large_image\" \/>\n<script type=\"application\/ld+json\" class=\"yoast-schema-graph\">{\"@context\":\"https:\\\/\\\/schema.org\",\"@graph\":[{\"@type\":\"WebPage\",\"@id\":\"https:\\\/\\\/eurotelesites.com\\\/data-privacy-notice\\\/\",\"url\":\"https:\\\/\\\/eurotelesites.com\\\/data-privacy-notice\\\/\",\"name\":\"Datenschutzhinweis - EuroTeleSites\",\"isPartOf\":{\"@id\":\"https:\\\/\\\/eurotelesites.com\\\/#website\"},\"datePublished\":\"2023-08-09T07:51:22+00:00\",\"dateModified\":\"2023-09-18T07:47:50+00:00\",\"breadcrumb\":{\"@id\":\"https:\\\/\\\/eurotelesites.com\\\/data-privacy-notice\\\/#breadcrumb\"},\"inLanguage\":\"de-DE\",\"potentialAction\":[{\"@type\":\"ReadAction\",\"target\":[\"https:\\\/\\\/eurotelesites.com\\\/data-privacy-notice\\\/\"]}]},{\"@type\":\"BreadcrumbList\",\"@id\":\"https:\\\/\\\/eurotelesites.com\\\/data-privacy-notice\\\/#breadcrumb\",\"itemListElement\":[{\"@type\":\"ListItem\",\"position\":1,\"name\":\"Home\",\"item\":\"https:\\\/\\\/eurotelesites.com\\\/de\\\/\"},{\"@type\":\"ListItem\",\"position\":2,\"name\":\"Datenschutzhinweis\"}]},{\"@type\":\"WebSite\",\"@id\":\"https:\\\/\\\/eurotelesites.com\\\/#website\",\"url\":\"https:\\\/\\\/eurotelesites.com\\\/\",\"name\":\"EuroTeleSites\",\"description\":\"\",\"potentialAction\":[{\"@type\":\"SearchAction\",\"target\":{\"@type\":\"EntryPoint\",\"urlTemplate\":\"https:\\\/\\\/eurotelesites.com\\\/?s={search_term_string}\"},\"query-input\":{\"@type\":\"PropertyValueSpecification\",\"valueRequired\":true,\"valueName\":\"search_term_string\"}}],\"inLanguage\":\"de-DE\"}]}<\/script>\n<!-- \/ Yoast SEO plugin. -->","yoast_head_json":{"title":"Datenschutzhinweis - EuroTeleSites","robots":{"index":"index","follow":"follow","max-snippet":"max-snippet:-1","max-image-preview":"max-image-preview:large","max-video-preview":"max-video-preview:-1"},"canonical":"https:\/\/eurotelesites.com\/data-privacy-notice\/","og_locale":"de_DE","og_type":"article","og_title":"Datenschutzhinweis - EuroTeleSites","og_url":"https:\/\/eurotelesites.com\/data-privacy-notice\/","og_site_name":"EuroTeleSites","article_modified_time":"2023-09-18T07:47:50+00:00","twitter_card":"summary_large_image","schema":{"@context":"https:\/\/schema.org","@graph":[{"@type":"WebPage","@id":"https:\/\/eurotelesites.com\/data-privacy-notice\/","url":"https:\/\/eurotelesites.com\/data-privacy-notice\/","name":"Datenschutzhinweis - EuroTeleSites","isPartOf":{"@id":"https:\/\/eurotelesites.com\/#website"},"datePublished":"2023-08-09T07:51:22+00:00","dateModified":"2023-09-18T07:47:50+00:00","breadcrumb":{"@id":"https:\/\/eurotelesites.com\/data-privacy-notice\/#breadcrumb"},"inLanguage":"de-DE","potentialAction":[{"@type":"ReadAction","target":["https:\/\/eurotelesites.com\/data-privacy-notice\/"]}]},{"@type":"BreadcrumbList","@id":"https:\/\/eurotelesites.com\/data-privacy-notice\/#breadcrumb","itemListElement":[{"@type":"ListItem","position":1,"name":"Home","item":"https:\/\/eurotelesites.com\/de\/"},{"@type":"ListItem","position":2,"name":"Datenschutzhinweis"}]},{"@type":"WebSite","@id":"https:\/\/eurotelesites.com\/#website","url":"https:\/\/eurotelesites.com\/","name":"EuroTeleSites","description":"","potentialAction":[{"@type":"SearchAction","target":{"@type":"EntryPoint","urlTemplate":"https:\/\/eurotelesites.com\/?s={search_term_string}"},"query-input":{"@type":"PropertyValueSpecification","valueRequired":true,"valueName":"search_term_string"}}],"inLanguage":"de-DE"}]}},"_links":{"self":[{"href":"https:\/\/eurotelesites.com\/de\/wp-json\/wp\/v2\/pages\/552","targetHints":{"allow":["GET"]}}],"collection":[{"href":"https:\/\/eurotelesites.com\/de\/wp-json\/wp\/v2\/pages"}],"about":[{"href":"https:\/\/eurotelesites.com\/de\/wp-json\/wp\/v2\/types\/page"}],"author":[{"embeddable":true,"href":"https:\/\/eurotelesites.com\/de\/wp-json\/wp\/v2\/users\/3"}],"replies":[{"embeddable":true,"href":"https:\/\/eurotelesites.com\/de\/wp-json\/wp\/v2\/comments?post=552"}],"version-history":[{"count":2,"href":"https:\/\/eurotelesites.com\/de\/wp-json\/wp\/v2\/pages\/552\/revisions"}],"predecessor-version":[{"id":616,"href":"https:\/\/eurotelesites.com\/de\/wp-json\/wp\/v2\/pages\/552\/revisions\/616"}],"wp:attachment":[{"href":"https:\/\/eurotelesites.com\/de\/wp-json\/wp\/v2\/media?parent=552"}],"wp:term":[{"taxonomy":"department","embeddable":true,"href":"https:\/\/eurotelesites.com\/de\/wp-json\/wp\/v2\/departments?post=552"}],"curies":[{"name":"wp","href":"https:\/\/api.w.org\/{rel}","templated":true}]}}