{"id":554,"date":"2023-08-08T07:48:50","date_gmt":"2023-08-08T07:48:50","guid":{"rendered":"https:\/\/eurotelesites.com\/?page_id=554"},"modified":"2026-02-10T17:14:41","modified_gmt":"2026-02-10T17:14:41","slug":"home","status":"publish","type":"page","link":"https:\/\/eurotelesites.com\/de\/","title":{"rendered":"EuroTeleSites"},"content":{"rendered":"<div class=\"jumbotron block-jumbotron__jumbotron\">\n\t\t\t<div class=\"jumbotron__video-container\">\n\t\t\t<div\n\tclass=\"video__wrap video__ratio--default video__ratio--vimeo jumbotron__video-wrap\"\n\tstyle=\"background-image:url()\"\n>\n\t\t\t<iframe\n\t\tclass=\"video jumbotron__video\"\n\t\tsrc=\"https:\/\/player.vimeo.com\/video\/1021640535?background=1\"\n\t\tallow=\"autoplay; fullscreen\"\n\t\tallowFullScreen\n\t\t><\/iframe>\n\t<\/div>\t\t<\/div>\n\t\t\t\t<div class=\"jumbotron__overlay\"><\/div>\n\t\n\t<div class=\"jumbotron__content jumbotron__content--regular\">\n\t\t<div class=\"jumbotron__content-wrap\">\n\t\t\t<div class=\"jumbotron__content-offset\">\n\t\t\t\t<h1 class=\"heading heading__color--white heading__size--huge heading__align--left heading__font-family--serif heading__font-weight--bold jumbotron__heading\">\n\tFokus auf Qualit\u00e4t,<br>Nachhaltigkeit<br>und lokale Experten<\/h1>\t\t\t<\/div>\n\t\t<\/div>\n\t<\/div>\n<\/div>\n\n<div\n\tclass=\"wrapper wrapper__bg-color--white  wrapper__spacing-bottom-large--40 wrapper__spacing-top-in-large--80    wrapper__hide-mobile  wrapper__border-color-large--primary wrapper__border-size-large--none\"\n\t>\n\n\t\n\t\t\t<div class=\"wrapper__container wrapper__container-width-large--default wrapper__gutter-desktop--default wrapper__gutter-tablet--small\">\n\t\t\t<div class=\"wrapper__inner wrapper__width-large--9 wrapper__width-mobile--10 wrapper__offset-large--1 wrapper__offset-mobile--0\">\n\t\t\t\t<h2 class=\"heading heading__color--prussianBlue heading__size--large heading__align--left heading__font-family--serif heading__font-weight--bold block-heading__heading\">\n\tDer f\u00fchrende Anbieter von Telekommunikationsinfrastruktur und -l\u00f6sungen in \u00d6sterreich und der CEE-Region.<\/h2>\t\t\t<\/div>\n\t\t<\/div>\n\t<\/div>\n\n\n<div\n\tclass=\"wrapper wrapper__bg-color--white  wrapper__spacing-bottom-large--40 wrapper__spacing-top-in-large--40    wrapper__hide-large wrapper__hide-desktop wrapper__hide-tablet  wrapper__border-color-large--primary wrapper__border-size-large--none\"\n\t>\n\n\t\n\t\t\t<div class=\"wrapper__container wrapper__container-width-large--default wrapper__gutter-desktop--default wrapper__gutter-tablet--small\">\n\t\t\t<div class=\"wrapper__inner wrapper__width-large--9 wrapper__width-mobile--10 wrapper__offset-large--1 wrapper__offset-mobile--0\">\n\t\t\t\t<h2 class=\"heading heading__color--prussianBlue heading__size--small heading__align--left heading__font-family--serif heading__font-weight--bold block-heading__heading\">\n\tDer f\u00fchrende Anbieter von Telekommunikationsinfrastruktur und -l\u00f6sungen in \u00d6sterreich und der CEE-Region.<\/h2>\t\t\t<\/div>\n\t\t<\/div>\n\t<\/div>\n\n\n<div\n\tclass=\"wrapper wrapper__bg-color--white  wrapper__spacing-bottom-large--40 wrapper__spacing-bottom-mobile---20  wrapper__spacing-bottom-in-large--70     wrapper__border-color-large--primary wrapper__border-size-large--none\"\n\t>\n\n\t\n\t\t\t<div class=\"wrapper__container wrapper__container-width-large--default wrapper__gutter-desktop--default wrapper__gutter-tablet--small\">\n\t\t\t<div class=\"wrapper__inner wrapper__width-large--8 wrapper__width-mobile--12 wrapper__offset-large--1 wrapper__offset-mobile--0\">\n\t\t\t\t<p class=\"paragraph paragraph__color--prussianBlue paragraph__size--large paragraph__align--left paragraph__font-family--sans block-paragraph__paragraph\">\n\tEuroTeleSites bietet mit seiner langj\u00e4hriger Erfahrung im Bereich der Telekommunikation, L\u00f6sungen und Dienstleistungen zum Bau und der Servicierung von drahtlosen Telekommunikationsnetzwerken in sechs L\u00e4ndern in der CEE-Region an: \u00d6sterreich, Bulgarien, Kroatien, Slowenien, der Republik Nordmazedonien und der Republik Serbien.<br><br>Das Portfolio des Unternehmens umfasst 13.820 Standorte, die hochwertige Wholesale Services f\u00fcr eine breite Palette von Kunden bieten.<\/p>\t\t\t<\/div>\n\t\t<\/div>\n\t<\/div>\n\n\n\n<div class=\"block-hero-image block-hero-image__size--large\">\n\t<div class=\"image-wrap block-hero-image__image-wrap\" data-align=\"center center\">\n\n\t\t\t<div\n\t\t\tstyle=\"background-image:url(https:\/\/eurotelesites.com\/wp-content\/uploads\/sites\/7\/2023\/09\/ETs-Title-1.jpg)\"\n\t\t\tclass=\"image image--bg image__rounded-corners--none block-hero-image__image\">\n\t\t<\/div>\n\t\n\t<\/div><\/div>\n\n\n<div\n\tclass=\"wrapper wrapper__bg-color--white wrapper__spacing-top-mobile---20 wrapper__spacing-bottom-large--30 wrapper__spacing-top-in-large--40      wrapper__border-color-large--primary wrapper__border-size-large--none\"\n\t>\n\n\t\n\t\t\t<div class=\"wrapper__container wrapper__container-width-large--default wrapper__gutter-desktop--default wrapper__gutter-tablet--small\">\n\t\t\t<div class=\"wrapper__inner wrapper__width-large--8 wrapper__width-mobile--12 wrapper__offset-large--1 wrapper__offset-mobile--0\">\n\t\t\t\t<h2 class=\"heading heading__color--prussianBlue heading__size--default heading__align--left heading__font-family--serif heading__font-weight--bold block-heading__heading\">\n\tH\u00f6chste Qualit\u00e4t<\/h2>\t\t\t<\/div>\n\t\t<\/div>\n\t<\/div>\n\n\n<div\n\tclass=\"wrapper wrapper__bg-color--white wrapper__spacing-top-mobile---20 wrapper__spacing-bottom-large--40  wrapper__spacing-bottom-in-large--40     wrapper__border-color-large--primary wrapper__border-size-large--none\"\n\t>\n\n\t\n\t\t\t<div class=\"wrapper__container wrapper__container-width-large--default wrapper__gutter-desktop--default wrapper__gutter-tablet--small\">\n\t\t\t<div class=\"wrapper__inner wrapper__width-large--8 wrapper__width-mobile--12 wrapper__offset-large--1 wrapper__offset-mobile--0\">\n\t\t\t\t<p class=\"paragraph paragraph__color--prussianBlue paragraph__size--default-constant paragraph__align--left paragraph__font-family--sans block-paragraph__paragraph\">\n\tEuroTeleSites ist bestrebt, den wachsenden Bedarf an hochwertigen Netzwerkl\u00f6sungen zu decken und eine solide Grundlage f\u00fcr die zuk\u00fcnftige Entwicklung von 5G-Netzwerken zu schaffen.<\/p>\t\t\t<\/div>\n\t\t<\/div>\n\t<\/div>\n\n\n\n<div class=\"block-hero-image block-hero-image__size--large\">\n\t<div class=\"image-wrap block-hero-image__image-wrap\" data-align=\"center center\">\n\n\t\t\t<div\n\t\t\tstyle=\"background-image:url(https:\/\/eurotelesites.com\/wp-content\/uploads\/sites\/7\/2023\/08\/iStock-836184236-Kopie-scaled.jpg)\"\n\t\t\tclass=\"image image--bg image__rounded-corners--none block-hero-image__image\">\n\t\t<\/div>\n\t\n\t<\/div><\/div>\n\n\n<div\n\tclass=\"wrapper wrapper__bg-color wrapper__spacing-top-mobile---20 wrapper__spacing-bottom-large--30 wrapper__spacing-top-in-large--40      wrapper__border-color-large--primary wrapper__border-size-large--none\"\n\t>\n\n\t\n\t\t\t<div class=\"wrapper__container wrapper__container-width-large--default wrapper__gutter-desktop--default wrapper__gutter-tablet--small\">\n\t\t\t<div class=\"wrapper__inner wrapper__width-large--8 wrapper__width-mobile--12 wrapper__offset-large--1 wrapper__offset-mobile--0\">\n\t\t\t\t<h1 class=\"heading heading__color--prussianBlue heading__size--default heading__align--left heading__font-family--serif heading__font-weight--bold block-heading__heading\">\n\tNachhaltigkeit<\/h1>\t\t\t<\/div>\n\t\t<\/div>\n\t<\/div>\n\n\n<div\n\tclass=\"wrapper wrapper__bg-color wrapper__spacing-top-mobile---20 wrapper__spacing-bottom-large--40  wrapper__spacing-bottom-in-large--40     wrapper__border-color-large--primary wrapper__border-size-large--none\"\n\t>\n\n\t\n\t\t\t<div class=\"wrapper__container wrapper__container-width-large--default wrapper__gutter-desktop--default wrapper__gutter-tablet--small\">\n\t\t\t<div class=\"wrapper__inner wrapper__width-large--8 wrapper__width-mobile--12 wrapper__offset-large--1 wrapper__offset-mobile--0\">\n\t\t\t\t<p class=\"paragraph paragraph__color--prussianBlue paragraph__size--default-constant paragraph__align--left paragraph__font-family--sans block-paragraph__paragraph\">\n\tEuroTeleSites ist ein Unternehmen, das sich f\u00fcr eine nachhaltige Entwicklung einsetzt. Wir glauben, dass Werte wie Umweltschutz und soziale Verantwortung Teil unseres t\u00e4glichen Lebens sind und die Grundlage f\u00fcr unseren langfristigen Erfolg bilden. In unserem Bestreben, der f\u00fchrende Anbieter von Telekommunikationsinfrastruktur im CEE-Raum zu sein, entwickeln wir unser Netz an den besten Standorten st\u00e4ndig weiter und bieten unseren Kunden komplette, zuverl\u00e4ssige und personalisierte L\u00f6sungen an.<\/p>\t\t\t<\/div>\n\t\t<\/div>\n\t<\/div>\n\n\n\n<div class=\"block-hero-image block-hero-image__size--large\">\n\t<div class=\"image-wrap block-hero-image__image-wrap\" data-align=\"center center\">\n\n\t\t\t<div\n\t\t\tstyle=\"background-image:url(https:\/\/eurotelesites.com\/wp-content\/uploads\/sites\/7\/2023\/09\/ets-fotos-1.jpg)\"\n\t\t\tclass=\"image image--bg image__rounded-corners--none block-hero-image__image\">\n\t\t<\/div>\n\t\n\t<\/div><\/div>\n\n\n<div\n\tclass=\"wrapper wrapper__bg-color--white wrapper__spacing-top-mobile---20 wrapper__spacing-bottom-large--30 wrapper__spacing-top-in-large--40      wrapper__border-color-large--primary wrapper__border-size-large--none\"\n\t>\n\n\t\n\t\t\t<div class=\"wrapper__container wrapper__container-width-large--default wrapper__gutter-desktop--default wrapper__gutter-tablet--small\">\n\t\t\t<div class=\"wrapper__inner wrapper__width-large--8 wrapper__width-mobile--12 wrapper__offset-large--1 wrapper__offset-mobile--0\">\n\t\t\t\t<h2 class=\"heading heading__color--prussianBlue heading__size--default heading__align--left heading__font-family--serif heading__font-weight--bold block-heading__heading\">\n\tLokale Experten<\/h2>\t\t\t<\/div>\n\t\t<\/div>\n\t<\/div>\n\n\n<div\n\tclass=\"wrapper wrapper__bg-color--white wrapper__spacing-top-mobile---20 wrapper__spacing-bottom-large--40 wrapper__spacing-bottom-mobile---40  wrapper__spacing-bottom-in-large--40     wrapper__border-color-large--primary wrapper__border-size-large--none\"\n\t>\n\n\t\n\t\t\t<div class=\"wrapper__container wrapper__container-width-large--default wrapper__gutter-desktop--default wrapper__gutter-tablet--small\">\n\t\t\t<div class=\"wrapper__inner wrapper__width-large--8 wrapper__width-mobile--12 wrapper__offset-large--1 wrapper__offset-mobile--0\">\n\t\t\t\t<p class=\"paragraph paragraph__color--prussianBlue paragraph__size--default-constant paragraph__align--left paragraph__font-family--sans block-paragraph__paragraph\">\n\tEuroTeleSites bietet umfassende L\u00f6sungen f\u00fcr den Erbau und der Wartung von Mobilfunknetzen. Mit unseren erfahrenen lokalen Teams haben wir den Vorteil, schnell und effizient mehrere Netzstandorte gleichzeitig aufbauen zu k\u00f6nnen.<\/p>\t\t\t<\/div>\n\t\t<\/div>\n\t<\/div>\n\n\n<div\n\tclass=\"wrapper wrapper__bg-color--white  wrapper__spacing-bottom-large--40 wrapper__spacing-top-in-large--90      wrapper__border-color-large--primary wrapper__border-size-large--none\"\n\t>\n\n\t\n\t\t\t<div class=\"wrapper__container wrapper__container-width-large--default wrapper__gutter-desktop--default wrapper__gutter-tablet--small\">\n\t\t\t<div class=\"wrapper__inner wrapper__width-large--12\">\n\t\t\t\t\n<div class=\"block-columns block-columns__gutter-large--20 block-columns__vertical-spacing-large--10\">\n\t\n\n<div class=\"block-column block-column__width-large--4 block-column__width-mobile--12 block-column__offset-mobile--0    block-column__border-color-large--primary block-column__border-size-large--none\">\n\t\n<div\n\tclass=\"wrapper wrapper__bg-color--white  wrapper__spacing-bottom-large--20       wrapper__border-color-large--primary wrapper__border-size-large--none\"\n\t>\n\n\t\n\t\t\t<div class=\"image-wrap block-image__image-wrap\" data-align=\"bottom center\">\n\n\t\t\t<div\n\t\t\tstyle=\"background-image:url(https:\/\/eurotelesites.com\/wp-content\/uploads\/sites\/7\/2023\/08\/iStock-1336620062-1-scaled.jpg)\"\n\t\t\tclass=\"image image--bg image__rounded-corners--none block-image__image\">\n\t\t<\/div>\n\t\n\t<\/div>\t<\/div>\n\n\n<div\n\tclass=\"wrapper wrapper__bg-color--white  wrapper__spacing-bottom-large--10       wrapper__border-color-large--primary wrapper__border-size-large--none\"\n\t>\n\n\t\n\t\t\t<h2 class=\"heading heading__color--prussianBlue heading__size--small heading__align--left heading__font-family--serif heading__font-weight--bold block-heading__heading\">\n\t\u00dcber uns<\/h2>\t<\/div>\n\n\n<div\n\tclass=\"wrapper wrapper__bg-color--white  wrapper__spacing-bottom-large--10       wrapper__border-color-large--primary wrapper__border-size-large--none\"\n\t>\n\n\t\n\t\t\t<p class=\"paragraph paragraph__color--prussianBlue paragraph__size--default-constant paragraph__align--left paragraph__font-family--sans block-paragraph__paragraph\">\n\t<br>Ihr bevorzugter Partner f\u00fcr drahtlose Konnektivit\u00e4t vom Bodensee bis zum Schwarzen Meer, der von mehreren Standorten und L\u00e4ndern aus operiert.<\/p>\t<\/div>\n\n\n<div\n\tclass=\"wrapper wrapper__bg-color--white  wrapper__spacing-bottom-large--40       wrapper__border-color-large--primary wrapper__border-size-large--none\"\n\t>\n\n\t\n\t\t\t<div class=\"link-wrap link-wrap__align--left block-link__link-wrap\">\n\t\t\t<a\n\t\t\thref=\"https:\/\/eurotelesites.com\/de\/ueber-uns\/\"\n\t\t\tclass=\"link link__color--primary link__size--default link__icon-position--left link__font-family--sans  block-link__link\"\n\t\t\tid=\"\"\n\t\t\ttitle=\"Mehr erfahren\"\n\t\t\taria-label=\"\"\n\t\t\t\t\t>\n\t\t\t\t\t\t<span class=\"link__content\">Mehr erfahren<\/span>\n\t\t<\/a>\n\t<\/div>\t<\/div>\n\n<\/div>\n\n\n\n<div class=\"block-column block-column__width-large--4 block-column__width-mobile--12 block-column__offset-mobile--0    block-column__border-color-large--primary block-column__border-size-large--none\">\n\t\n<div\n\tclass=\"wrapper wrapper__bg-color--white  wrapper__spacing-bottom-large--20       wrapper__border-color-large--primary wrapper__border-size-large--none\"\n\t>\n\n\t\n\t\t\t<div class=\"image-wrap block-image__image-wrap\" data-align=\"center center\">\n\n\t\t\t<div\n\t\t\tstyle=\"background-image:url(https:\/\/eurotelesites.com\/wp-content\/uploads\/sites\/7\/2023\/09\/1170740969.jpg)\"\n\t\t\tclass=\"image image--bg image__rounded-corners--none block-image__image\">\n\t\t<\/div>\n\t\n\t<\/div>\t<\/div>\n\n\n<div\n\tclass=\"wrapper wrapper__bg-color--white  wrapper__spacing-bottom-large--10       wrapper__border-color-large--primary wrapper__border-size-large--none\"\n\t>\n\n\t\n\t\t\t<h2 class=\"heading heading__color--prussianBlue heading__size--small heading__align--left heading__font-family--serif heading__font-weight--bold block-heading__heading\">\n\tInvestor Relations<\/h2>\t<\/div>\n\n\n<div\n\tclass=\"wrapper wrapper__bg-color--white  wrapper__spacing-bottom-large--10       wrapper__border-color-large--primary wrapper__border-size-large--none\"\n\t>\n\n\t\n\t\t\t<p class=\"paragraph paragraph__color--prussianBlue paragraph__size--default-constant paragraph__align--left paragraph__font-family--sans block-paragraph__paragraph\">\n\tEuroTeleSites ist ein f\u00fchrende Anbieter von drahtloser Kommunikationsinfrastruktur in Mittel- und Osteuropa<\/p>\t<\/div>\n\n\n<div\n\tclass=\"wrapper wrapper__bg-color--white  wrapper__spacing-bottom-large--40       wrapper__border-color-large--primary wrapper__border-size-large--none\"\n\t>\n\n\t\n\t\t\t<div class=\"link-wrap link-wrap__align--left block-link__link-wrap\">\n\t\t\t<a\n\t\t\thref=\"https:\/\/eurotelesites.com\/de\/investor-relations\/\"\n\t\t\tclass=\"link link__color--primary link__size--default link__icon-position--left link__font-family--sans  block-link__link\"\n\t\t\tid=\"\"\n\t\t\ttitle=\"Mehr erfahren\"\n\t\t\taria-label=\"\"\n\t\t\t\t\t>\n\t\t\t\t\t\t<span class=\"link__content\">Mehr erfahren<\/span>\n\t\t<\/a>\n\t<\/div>\t<\/div>\n\n<\/div>\n\n\n\n<div class=\"block-column block-column__width-large--4 block-column__width-mobile--12 block-column__offset-mobile--0    block-column__border-color-large--primary block-column__border-size-large--none\">\n\t\n<div\n\tclass=\"wrapper wrapper__bg-color--white  wrapper__spacing-bottom-large--20       wrapper__border-color-large--primary wrapper__border-size-large--none\"\n\t>\n\n\t\n\t\t\t<div class=\"image-wrap block-image__image-wrap\" data-align=\"center center\">\n\n\t\t\t<div\n\t\t\tstyle=\"background-image:url(https:\/\/eurotelesites.com\/wp-content\/uploads\/sites\/7\/2023\/08\/iStock-836184236-Kopie-scaled.jpg)\"\n\t\t\tclass=\"image image--bg image__rounded-corners--none block-image__image\">\n\t\t<\/div>\n\t\n\t<\/div>\t<\/div>\n\n\n<div\n\tclass=\"wrapper wrapper__bg-color--white  wrapper__spacing-bottom-large--10       wrapper__border-color-large--primary wrapper__border-size-large--none\"\n\t>\n\n\t\n\t\t\t<h2 class=\"heading heading__color--prussianBlue heading__size--small heading__align--left heading__font-family--serif heading__font-weight--bold block-heading__heading\">\n\tNachhaltigkeit<\/h2>\t<\/div>\n\n\n<div\n\tclass=\"wrapper wrapper__bg-color--white  wrapper__spacing-bottom-large--10       wrapper__border-color-large--primary wrapper__border-size-large--none\"\n\t>\n\n\t\n\t\t\t<p class=\"paragraph paragraph__color--prussianBlue paragraph__size--default-constant paragraph__align--left paragraph__font-family--sans block-paragraph__paragraph\">\n\tSchaffung einer nachhaltigen Grundlage f\u00fcr die digitale Transformation.<\/p>\t<\/div>\n\n\n<div\n\tclass=\"wrapper wrapper__bg-color--white  wrapper__spacing-bottom-large--40       wrapper__border-color-large--primary wrapper__border-size-large--none\"\n\t>\n\n\t\n\t\t\t<div class=\"link-wrap link-wrap__align--left block-link__link-wrap\">\n\t\t\t<a\n\t\t\thref=\"https:\/\/eurotelesites.com\/sustainability\/\"\n\t\t\tclass=\"link link__color--primary link__size--default link__icon-position--left link__font-family--sans  block-link__link\"\n\t\t\tid=\"\"\n\t\t\ttitle=\"Mehr erfahren\"\n\t\t\taria-label=\"\"\n\t\t\t\t\t>\n\t\t\t\t\t\t<span class=\"link__content\">Mehr erfahren<\/span>\n\t\t<\/a>\n\t<\/div>\t<\/div>\n\n<\/div>\n\n<\/div>\n\t\t\t<\/div>\n\t\t<\/div>\n\t<\/div>\n","protected":false},"excerpt":{"rendered":"","protected":false},"author":3,"featured_media":0,"parent":0,"menu_order":0,"comment_status":"closed","ping_status":"closed","template":"","meta":{"_acf_changed":false,"footnotes":""},"departments":[],"class_list":["post-554","page","type-page","status-publish","hentry"],"acf":[],"yoast_head":"<!-- This site is optimized with the Yoast SEO plugin v27.4 - https:\/\/yoast.com\/product\/yoast-seo-wordpress\/ -->\n<title>EuroTeleSites - EuroTeleSites<\/title>\n<meta name=\"robots\" content=\"index, follow, max-snippet:-1, max-image-preview:large, max-video-preview:-1\" \/>\n<link rel=\"canonical\" href=\"https:\/\/eurotelesites.com\/de\/\" \/>\n<meta property=\"og:locale\" content=\"de_DE\" \/>\n<meta property=\"og:type\" content=\"article\" \/>\n<meta property=\"og:title\" content=\"EuroTeleSites - EuroTeleSites\" \/>\n<meta property=\"og:url\" content=\"https:\/\/eurotelesites.com\/de\/\" \/>\n<meta property=\"og:site_name\" content=\"EuroTeleSites\" \/>\n<meta property=\"article:modified_time\" content=\"2026-02-10T17:14:41+00:00\" \/>\n<meta name=\"twitter:card\" content=\"summary_large_image\" \/>\n<meta name=\"twitter:label1\" content=\"Est. reading time\" \/>\n\t<meta name=\"twitter:data1\" content=\"2 minutes\" \/>\n<script type=\"application\/ld+json\" class=\"yoast-schema-graph\">{\"@context\":\"https:\\\/\\\/schema.org\",\"@graph\":[{\"@type\":\"WebPage\",\"@id\":\"https:\\\/\\\/eurotelesites.com\\\/de\\\/\",\"url\":\"https:\\\/\\\/eurotelesites.com\\\/de\\\/\",\"name\":\"EuroTeleSites - EuroTeleSites\",\"isPartOf\":{\"@id\":\"https:\\\/\\\/eurotelesites.com\\\/#website\"},\"datePublished\":\"2023-08-08T07:48:50+00:00\",\"dateModified\":\"2026-02-10T17:14:41+00:00\",\"breadcrumb\":{\"@id\":\"https:\\\/\\\/eurotelesites.com\\\/de\\\/#breadcrumb\"},\"inLanguage\":\"de-DE\",\"potentialAction\":[{\"@type\":\"ReadAction\",\"target\":[\"https:\\\/\\\/eurotelesites.com\\\/de\\\/\"]}]},{\"@type\":\"BreadcrumbList\",\"@id\":\"https:\\\/\\\/eurotelesites.com\\\/de\\\/#breadcrumb\",\"itemListElement\":[{\"@type\":\"ListItem\",\"position\":1,\"name\":\"Home\",\"item\":\"https:\\\/\\\/eurotelesites.com\\\/de\\\/\"},{\"@type\":\"ListItem\",\"position\":2,\"name\":\"EuroTeleSites\"}]},{\"@type\":\"WebSite\",\"@id\":\"https:\\\/\\\/eurotelesites.com\\\/#website\",\"url\":\"https:\\\/\\\/eurotelesites.com\\\/\",\"name\":\"EuroTeleSites\",\"description\":\"\",\"potentialAction\":[{\"@type\":\"SearchAction\",\"target\":{\"@type\":\"EntryPoint\",\"urlTemplate\":\"https:\\\/\\\/eurotelesites.com\\\/?s={search_term_string}\"},\"query-input\":{\"@type\":\"PropertyValueSpecification\",\"valueRequired\":true,\"valueName\":\"search_term_string\"}}],\"inLanguage\":\"de-DE\"}]}<\/script>\n<!-- \/ Yoast SEO plugin. -->","yoast_head_json":{"title":"EuroTeleSites - EuroTeleSites","robots":{"index":"index","follow":"follow","max-snippet":"max-snippet:-1","max-image-preview":"max-image-preview:large","max-video-preview":"max-video-preview:-1"},"canonical":"https:\/\/eurotelesites.com\/de\/","og_locale":"de_DE","og_type":"article","og_title":"EuroTeleSites - EuroTeleSites","og_url":"https:\/\/eurotelesites.com\/de\/","og_site_name":"EuroTeleSites","article_modified_time":"2026-02-10T17:14:41+00:00","twitter_card":"summary_large_image","twitter_misc":{"Est. reading time":"2 minutes"},"schema":{"@context":"https:\/\/schema.org","@graph":[{"@type":"WebPage","@id":"https:\/\/eurotelesites.com\/de\/","url":"https:\/\/eurotelesites.com\/de\/","name":"EuroTeleSites - EuroTeleSites","isPartOf":{"@id":"https:\/\/eurotelesites.com\/#website"},"datePublished":"2023-08-08T07:48:50+00:00","dateModified":"2026-02-10T17:14:41+00:00","breadcrumb":{"@id":"https:\/\/eurotelesites.com\/de\/#breadcrumb"},"inLanguage":"de-DE","potentialAction":[{"@type":"ReadAction","target":["https:\/\/eurotelesites.com\/de\/"]}]},{"@type":"BreadcrumbList","@id":"https:\/\/eurotelesites.com\/de\/#breadcrumb","itemListElement":[{"@type":"ListItem","position":1,"name":"Home","item":"https:\/\/eurotelesites.com\/de\/"},{"@type":"ListItem","position":2,"name":"EuroTeleSites"}]},{"@type":"WebSite","@id":"https:\/\/eurotelesites.com\/#website","url":"https:\/\/eurotelesites.com\/","name":"EuroTeleSites","description":"","potentialAction":[{"@type":"SearchAction","target":{"@type":"EntryPoint","urlTemplate":"https:\/\/eurotelesites.com\/?s={search_term_string}"},"query-input":{"@type":"PropertyValueSpecification","valueRequired":true,"valueName":"search_term_string"}}],"inLanguage":"de-DE"}]}},"_links":{"self":[{"href":"https:\/\/eurotelesites.com\/de\/wp-json\/wp\/v2\/pages\/554","targetHints":{"allow":["GET"]}}],"collection":[{"href":"https:\/\/eurotelesites.com\/de\/wp-json\/wp\/v2\/pages"}],"about":[{"href":"https:\/\/eurotelesites.com\/de\/wp-json\/wp\/v2\/types\/page"}],"author":[{"embeddable":true,"href":"https:\/\/eurotelesites.com\/de\/wp-json\/wp\/v2\/users\/3"}],"replies":[{"embeddable":true,"href":"https:\/\/eurotelesites.com\/de\/wp-json\/wp\/v2\/comments?post=554"}],"version-history":[{"count":10,"href":"https:\/\/eurotelesites.com\/de\/wp-json\/wp\/v2\/pages\/554\/revisions"}],"predecessor-version":[{"id":2613,"href":"https:\/\/eurotelesites.com\/de\/wp-json\/wp\/v2\/pages\/554\/revisions\/2613"}],"wp:attachment":[{"href":"https:\/\/eurotelesites.com\/de\/wp-json\/wp\/v2\/media?parent=554"}],"wp:term":[{"taxonomy":"department","embeddable":true,"href":"https:\/\/eurotelesites.com\/de\/wp-json\/wp\/v2\/departments?post=554"}],"curies":[{"name":"wp","href":"https:\/\/api.w.org\/{rel}","templated":true}]}}