{"id":566,"date":"2023-08-08T09:37:13","date_gmt":"2023-08-08T09:37:13","guid":{"rendered":"https:\/\/eurotelesites.com\/?page_id=566"},"modified":"2023-12-15T10:40:22","modified_gmt":"2023-12-15T10:40:22","slug":"nachhaltigkeit","status":"publish","type":"page","link":"https:\/\/eurotelesites.com\/de\/nachhaltigkeit\/","title":{"rendered":"Nachhaltigkeit"},"content":{"rendered":"\n<div class=\"block-hero-image block-hero-image__size--large\">\n\t<div class=\"image-wrap block-hero-image__image-wrap\" data-align=\"center center\">\n\n\t\t\t<div\n\t\t\tstyle=\"background-image:url(https:\/\/eurotelesites.com\/wp-content\/uploads\/sites\/7\/2023\/08\/iStock-836184236-Kopie-scaled.jpg)\"\n\t\t\tclass=\"image image--bg image__rounded-corners--none block-hero-image__image\">\n\t\t<\/div>\n\t\n\t<\/div><\/div>\n\n\n<div\n\tclass=\"wrapper wrapper__bg-color--white  wrapper__spacing-bottom-large--40 wrapper__spacing-top-in-large--20      wrapper__border-color-large--primary wrapper__border-size-large--none\"\n\t>\n\n\t\n\t\t\t<div class=\"wrapper__container wrapper__container-width-large--default wrapper__gutter-desktop--default wrapper__gutter-tablet--small\">\n\t\t\t<div class=\"wrapper__inner wrapper__width-large--9 wrapper__offset-large--1\">\n\t\t\t\t<div class='block-breadcrumbs'><a href='https:\/\/eurotelesites.com\/de\/' class='block-breadcrumbs__home' aria-label='Home link'><\/a><span><a class=\"block-breadcrumbs__link\" href=\" https:\/\/eurotelesites.com\/de\/ \">Home<\/a><\/span><\/div>\t\t\t<\/div>\n\t\t<\/div>\n\t<\/div>\n\n\n<div\n\tclass=\"wrapper wrapper__bg-color--white  wrapper__spacing-bottom-large--40       wrapper__border-color-large--primary wrapper__border-size-large--none\"\n\t>\n\n\t\n\t\t\t<div class=\"wrapper__container wrapper__container-width-large--default wrapper__gutter-desktop--default wrapper__gutter-tablet--small\">\n\t\t\t<div class=\"wrapper__inner wrapper__width-large--8 wrapper__width-mobile--12 wrapper__offset-large--1 wrapper__offset-mobile--0\">\n\t\t\t\t<h2 class=\"heading heading__color--prussianBlue heading__size--large heading__align--left heading__font-family--serif heading__font-weight--bold block-heading__heading\">\n\tFokus auf neue und nachhaltige Dienstleistungen<\/h2>\t\t\t<\/div>\n\t\t<\/div>\n\t<\/div>\n\n\n<div\n\tclass=\"wrapper wrapper__bg-color--white  wrapper__spacing-bottom-large--60       wrapper__border-color-large--primary wrapper__border-size-large--none\"\n\t>\n\n\t\n\t\t\t<div class=\"wrapper__container wrapper__container-width-large--default wrapper__gutter-desktop--default wrapper__gutter-tablet--small\">\n\t\t\t<div class=\"wrapper__inner wrapper__width-large--9 wrapper__width-mobile--12 wrapper__offset-large--1 wrapper__offset-mobile--0\">\n\t\t\t\t<p class=\"paragraph paragraph__color--prussianBlue paragraph__size--large paragraph__align--left paragraph__font-family--sans block-paragraph__paragraph\">\n\tEuroTeleSites ist ein Unternehmen, das sich f\u00fcr eine nachhaltige Entwicklung einsetzt. Wir glauben, dass Werte wie Umweltschutz und soziale Verantwortung Teil unseres t\u00e4glichen Lebens sind und die Grundlage f\u00fcr unseren langfristigen Erfolg bilden. In unserem Bestreben, der f\u00fchrende Anbieter von Telekommunikationsinfrastruktur in Mittel- und Osteuropa zu sein, entwickeln wir unser Standortnetz st\u00e4ndig weiter und bieten unseren Kunden komplette, zuverl\u00e4ssige und personalisierte L\u00f6sungen an.<\/p>\t\t\t<\/div>\n\t\t<\/div>\n\t<\/div>\n\n\n\n<div class=\"block-hero-image block-hero-image__size--large\">\n\t<div class=\"image-wrap block-hero-image__image-wrap\" data-align=\"center center\">\n\n\t\t\t<div\n\t\t\tstyle=\"background-image:url(https:\/\/eurotelesites.com\/wp-content\/uploads\/sites\/7\/2023\/08\/iStock-1336620062-scaled.jpg)\"\n\t\t\tclass=\"image image--bg image__rounded-corners--none block-hero-image__image\">\n\t\t<\/div>\n\t\n\t<\/div><\/div>\n\n\n<div\n\tclass=\"wrapper wrapper__bg-color--prussianBlue wrapper__spacing-top-large--0 wrapper__spacing-bottom-large--40 wrapper__spacing-top-in-large--60 wrapper__spacing-bottom-in-large--80     wrapper__border-color-large--primary wrapper__border-size-large--none\"\n\t>\n\n\t\n\t\t\t<div class=\"wrapper__container wrapper__container-width-large--default wrapper__gutter-desktop--default wrapper__gutter-tablet--small\">\n\t\t\t<div class=\"wrapper__inner wrapper__width-large--8 wrapper__width-mobile--12 wrapper__offset-large--2 wrapper__offset-mobile--0\">\n\t\t\t\t<p class=\"paragraph paragraph__color--white paragraph__size--default-constant paragraph__align--left paragraph__font-family--sans block-paragraph__paragraph\">\n\t<strong>Monitoring<\/strong><br>Monitoring und Steuerung von Signal-, Sicherheits- und Klimaanlagen, Funkantennen und Sensoren, mit der M\u00f6glichkeit zur Nutzung von Solaranlagen zur Stromerzeugung. Alternative oder gebuchte Energieversorgung.<br><br><strong>Stabilit\u00e4t<\/strong><br>Garantiert h\u00f6chste Qualit\u00e4t, Stabilit\u00e4t und Zuverl\u00e4ssigkeit der Netzanbindung dank \u00dcberwachungs- und Kontrollsystemen (Zugang, Stromversorgung, Sicherheit)<br><br><strong>Carbon Footprint<br><\/strong>Ein Produkt- und Serviceportfolio, das darauf abzielt, die Betriebszeit, die Abdeckung und die Servicequalit\u00e4t zu verbessern und gleichzeitig die Betriebskosten f\u00fcr die Kunden zu senken und unseren \u00f6kologischen Fu\u00dfabdruck zu minimieren.<br><br><strong>Solarenergie<\/strong><br>Wir bieten innovative Energiel\u00f6sungen f\u00fcr die kosteng\u00fcnstige Stromversorgung der aktiven Ger\u00e4te unserer Kunden an. Wo immer m\u00f6glich, versorgen wir unsere Funkt\u00fcrme mit Netzstrom von staatlichen Stromversorgern. Wo m\u00f6glich, wird Solarenergie genutzt.<\/p>\t\t\t<\/div>\n\t\t<\/div>\n\t<\/div>\n\n\n<div\n\tclass=\"wrapper wrapper__bg-color--white  wrapper__spacing-bottom-large--40 wrapper__spacing-top-in-large--90      wrapper__border-color-large--primary wrapper__border-size-large--none\"\n\t>\n\n\t\n\t\t\t<div class=\"wrapper__container wrapper__container-width-large--default wrapper__gutter-desktop--default wrapper__gutter-tablet--small\">\n\t\t\t<div class=\"wrapper__inner wrapper__width-large--12\">\n\t\t\t\t\n<div class=\"block-columns block-columns__gutter-large--10 block-columns__vertical-spacing-large--20\">\n\t\n\n<div class=\"block-column block-column__width-large--4 block-column__width-mobile--12     block-column__border-color-large--primary block-column__border-size-large--none\">\n\t\n<div\n\tclass=\"wrapper wrapper__bg-color--white  wrapper__spacing-bottom-large--20       wrapper__border-color-large--primary wrapper__border-size-large--none\"\n\t>\n\n\t\n\t\t\t<div class=\"image-wrap block-image__image-wrap\" data-align=\"center center\">\n\n\t\t\t<div\n\t\t\tstyle=\"background-image:url(https:\/\/eurotelesites.com\/wp-content\/uploads\/sites\/7\/2023\/08\/ben-wicks-6rtUBI-x6vo-unsplash-scaled.jpg)\"\n\t\t\tclass=\"image image--bg image__rounded-corners--none block-image__image\">\n\t\t<\/div>\n\t\n\t<\/div>\t<\/div>\n\n\n<div\n\tclass=\"wrapper wrapper__bg-color--white  wrapper__spacing-bottom-large--10       wrapper__border-color-large--primary wrapper__border-size-large--none\"\n\t>\n\n\t\n\t\t\t<h2 class=\"heading heading__color--prussianBlue heading__size--small heading__align--left heading__font-family--serif heading__font-weight--bold block-heading__heading\">\n\tLeistungen<\/h2>\t<\/div>\n\n\n<div\n\tclass=\"wrapper wrapper__bg-color--white  wrapper__spacing-bottom-large--10       wrapper__border-color-large--primary wrapper__border-size-large--none\"\n\t>\n\n\t\n\t\t\t<p class=\"paragraph paragraph__color--prussianBlue paragraph__size--default-constant paragraph__align--left paragraph__font-family--sans block-paragraph__paragraph\">\n\tAufbau und Wartung der besten passiven Infrastruktur von Mobilfunknetzen.<\/p>\t<\/div>\n\n\n<div\n\tclass=\"wrapper wrapper__bg-color--white  wrapper__spacing-bottom-large--40       wrapper__border-color-large--primary wrapper__border-size-large--none\"\n\t>\n\n\t\n\t\t\t<div class=\"link-wrap link-wrap__align--left block-link__link-wrap\">\n\t\t\t<a\n\t\t\thref=\"https:\/\/eurotelesites.com\/de\/leistungen\/\"\n\t\t\tclass=\"link link__color--primary link__size--default link__icon-position--left link__font-family--sans  block-link__link\"\n\t\t\tid=\"\"\n\t\t\ttitle=\"Mehr erfahren\"\n\t\t\taria-label=\"\"\n\t\t\t\t\t>\n\t\t\t\t\t\t<span class=\"link__content\">Mehr erfahren<\/span>\n\t\t<\/a>\n\t<\/div>\t<\/div>\n\n<\/div>\n\n\n\n<div class=\"block-column block-column__width-large--4 block-column__width-mobile--12     block-column__border-color-large--primary block-column__border-size-large--none\">\n\t\n<div\n\tclass=\"wrapper wrapper__bg-color--white  wrapper__spacing-bottom-large--20       wrapper__border-color-large--primary wrapper__border-size-large--none\"\n\t>\n\n\t\n\t\t\t<div class=\"image-wrap block-image__image-wrap\" data-align=\"center center\">\n\n\t\t\t<div\n\t\t\tstyle=\"background-image:url(https:\/\/eurotelesites.com\/wp-content\/uploads\/sites\/7\/2023\/08\/iStock-1336620062-1-scaled.jpg)\"\n\t\t\tclass=\"image image--bg image__rounded-corners--none block-image__image\">\n\t\t<\/div>\n\t\n\t<\/div>\t<\/div>\n\n\n<div\n\tclass=\"wrapper wrapper__bg-color--white  wrapper__spacing-bottom-large--10       wrapper__border-color-large--primary wrapper__border-size-large--none\"\n\t>\n\n\t\n\t\t\t<h2 class=\"heading heading__color--prussianBlue heading__size--small heading__align--left heading__font-family--serif heading__font-weight--bold block-heading__heading\">\n\t\u00dcber uns<\/h2>\t<\/div>\n\n\n<div\n\tclass=\"wrapper wrapper__bg-color--white  wrapper__spacing-bottom-large--10       wrapper__border-color-large--primary wrapper__border-size-large--none\"\n\t>\n\n\t\n\t\t\t<p class=\"paragraph paragraph__color--prussianBlue paragraph__size--default-constant paragraph__align--left paragraph__font-family--sans block-paragraph__paragraph\">\n\tIhr bevorzugter Partner f\u00fcr drahtlose Konnektivit\u00e4t vom Bodensee bis zum Schwarzen Meer, der von mehreren Standorten und L\u00e4ndern aus operiert.<\/p>\t<\/div>\n\n\n<div\n\tclass=\"wrapper wrapper__bg-color--white  wrapper__spacing-bottom-large--40       wrapper__border-color-large--primary wrapper__border-size-large--none\"\n\t>\n\n\t\n\t\t\t<div class=\"link-wrap link-wrap__align--left block-link__link-wrap\">\n\t\t\t<a\n\t\t\thref=\"https:\/\/eurotelesites.com\/de\/ueber-uns\/\"\n\t\t\tclass=\"link link__color--primary link__size--default link__icon-position--left link__font-family--sans  block-link__link\"\n\t\t\tid=\"\"\n\t\t\ttitle=\"Mehr erfahren\"\n\t\t\taria-label=\"\"\n\t\t\t\t\t>\n\t\t\t\t\t\t<span class=\"link__content\">Mehr erfahren<\/span>\n\t\t<\/a>\n\t<\/div>\t<\/div>\n\n<\/div>\n\n\n\n<div class=\"block-column block-column__width-large--4 block-column__width-mobile--12     block-column__border-color-large--primary block-column__border-size-large--none\">\n\t\n<div\n\tclass=\"wrapper wrapper__bg-color--white  wrapper__spacing-bottom-large--20       wrapper__border-color-large--primary wrapper__border-size-large--none\"\n\t>\n\n\t\n\t\t\t<div class=\"image-wrap block-image__image-wrap\" data-align=\"center center\">\n\n\t\t\t<div\n\t\t\tstyle=\"background-image:url(https:\/\/eurotelesites.com\/wp-content\/uploads\/sites\/7\/2023\/09\/1170740969.jpg)\"\n\t\t\tclass=\"image image--bg image__rounded-corners--none block-image__image\">\n\t\t<\/div>\n\t\n\t<\/div>\t<\/div>\n\n\n<div\n\tclass=\"wrapper wrapper__bg-color--white  wrapper__spacing-bottom-large--10       wrapper__border-color-large--primary wrapper__border-size-large--none\"\n\t>\n\n\t\n\t\t\t<h2 class=\"heading heading__color--prussianBlue heading__size--small heading__align--left heading__font-family--serif heading__font-weight--bold block-heading__heading\">\n\tInvestor Relations<\/h2>\t<\/div>\n\n\n<div\n\tclass=\"wrapper wrapper__bg-color--white  wrapper__spacing-bottom-large--10       wrapper__border-color-large--primary wrapper__border-size-large--none\"\n\t>\n\n\t\n\t\t\t<p class=\"paragraph paragraph__color--prussianBlue paragraph__size--default-constant paragraph__align--left paragraph__font-family--sans block-paragraph__paragraph\">\n\t<br>EuroTeleSites ist ein f\u00fchrende Anbieter von drahtloser Kommunikationsinfrastruktur in Mittel- und Osteuropa<\/p>\t<\/div>\n\n\n<div\n\tclass=\"wrapper wrapper__bg-color--white  wrapper__spacing-bottom-large--40       wrapper__border-color-large--primary wrapper__border-size-large--none\"\n\t>\n\n\t\n\t\t\t<div class=\"link-wrap link-wrap__align--left block-link__link-wrap\">\n\t\t\t<a\n\t\t\thref=\"https:\/\/eurotelesites.com\/de\/investor-relations\/\"\n\t\t\tclass=\"link link__color--primary link__size--default link__icon-position--left link__font-family--sans  block-link__link\"\n\t\t\tid=\"\"\n\t\t\ttitle=\"Mehr erfahren\"\n\t\t\taria-label=\"\"\n\t\t\t\t\t>\n\t\t\t\t\t\t<span class=\"link__content\">Mehr erfahren<\/span>\n\t\t<\/a>\n\t<\/div>\t<\/div>\n\n<\/div>\n\n<\/div>\n\t\t\t<\/div>\n\t\t<\/div>\n\t<\/div>\n","protected":false},"excerpt":{"rendered":"","protected":false},"author":3,"featured_media":0,"parent":0,"menu_order":0,"comment_status":"closed","ping_status":"closed","template":"","meta":{"_acf_changed":false,"footnotes":""},"departments":[],"class_list":["post-566","page","type-page","status-publish","hentry"],"acf":[],"yoast_head":"<!-- This site is optimized with the Yoast SEO plugin v27.4 - https:\/\/yoast.com\/product\/yoast-seo-wordpress\/ -->\n<title>Nachhaltigkeit - EuroTeleSites<\/title>\n<meta name=\"robots\" content=\"index, follow, max-snippet:-1, max-image-preview:large, max-video-preview:-1\" \/>\n<link rel=\"canonical\" href=\"https:\/\/eurotelesites.com\/de\/nachhaltigkeit\/\" \/>\n<meta property=\"og:locale\" content=\"de_DE\" \/>\n<meta property=\"og:type\" content=\"article\" \/>\n<meta property=\"og:title\" content=\"Nachhaltigkeit - EuroTeleSites\" \/>\n<meta property=\"og:url\" content=\"https:\/\/eurotelesites.com\/de\/nachhaltigkeit\/\" \/>\n<meta property=\"og:site_name\" content=\"EuroTeleSites\" \/>\n<meta property=\"article:modified_time\" content=\"2023-12-15T10:40:22+00:00\" \/>\n<meta name=\"twitter:card\" content=\"summary_large_image\" \/>\n<script type=\"application\/ld+json\" class=\"yoast-schema-graph\">{\"@context\":\"https:\\\/\\\/schema.org\",\"@graph\":[{\"@type\":\"WebPage\",\"@id\":\"https:\\\/\\\/eurotelesites.com\\\/de\\\/nachhaltigkeit\\\/\",\"url\":\"https:\\\/\\\/eurotelesites.com\\\/de\\\/nachhaltigkeit\\\/\",\"name\":\"Nachhaltigkeit - EuroTeleSites\",\"isPartOf\":{\"@id\":\"https:\\\/\\\/eurotelesites.com\\\/#website\"},\"datePublished\":\"2023-08-08T09:37:13+00:00\",\"dateModified\":\"2023-12-15T10:40:22+00:00\",\"breadcrumb\":{\"@id\":\"https:\\\/\\\/eurotelesites.com\\\/de\\\/nachhaltigkeit\\\/#breadcrumb\"},\"inLanguage\":\"de-DE\",\"potentialAction\":[{\"@type\":\"ReadAction\",\"target\":[\"https:\\\/\\\/eurotelesites.com\\\/de\\\/nachhaltigkeit\\\/\"]}]},{\"@type\":\"BreadcrumbList\",\"@id\":\"https:\\\/\\\/eurotelesites.com\\\/de\\\/nachhaltigkeit\\\/#breadcrumb\",\"itemListElement\":[{\"@type\":\"ListItem\",\"position\":1,\"name\":\"Home\",\"item\":\"https:\\\/\\\/eurotelesites.com\\\/de\\\/\"},{\"@type\":\"ListItem\",\"position\":2,\"name\":\"Nachhaltigkeit\"}]},{\"@type\":\"WebSite\",\"@id\":\"https:\\\/\\\/eurotelesites.com\\\/#website\",\"url\":\"https:\\\/\\\/eurotelesites.com\\\/\",\"name\":\"EuroTeleSites\",\"description\":\"\",\"potentialAction\":[{\"@type\":\"SearchAction\",\"target\":{\"@type\":\"EntryPoint\",\"urlTemplate\":\"https:\\\/\\\/eurotelesites.com\\\/?s={search_term_string}\"},\"query-input\":{\"@type\":\"PropertyValueSpecification\",\"valueRequired\":true,\"valueName\":\"search_term_string\"}}],\"inLanguage\":\"de-DE\"}]}<\/script>\n<!-- \/ Yoast SEO plugin. -->","yoast_head_json":{"title":"Nachhaltigkeit - EuroTeleSites","robots":{"index":"index","follow":"follow","max-snippet":"max-snippet:-1","max-image-preview":"max-image-preview:large","max-video-preview":"max-video-preview:-1"},"canonical":"https:\/\/eurotelesites.com\/de\/nachhaltigkeit\/","og_locale":"de_DE","og_type":"article","og_title":"Nachhaltigkeit - EuroTeleSites","og_url":"https:\/\/eurotelesites.com\/de\/nachhaltigkeit\/","og_site_name":"EuroTeleSites","article_modified_time":"2023-12-15T10:40:22+00:00","twitter_card":"summary_large_image","schema":{"@context":"https:\/\/schema.org","@graph":[{"@type":"WebPage","@id":"https:\/\/eurotelesites.com\/de\/nachhaltigkeit\/","url":"https:\/\/eurotelesites.com\/de\/nachhaltigkeit\/","name":"Nachhaltigkeit - EuroTeleSites","isPartOf":{"@id":"https:\/\/eurotelesites.com\/#website"},"datePublished":"2023-08-08T09:37:13+00:00","dateModified":"2023-12-15T10:40:22+00:00","breadcrumb":{"@id":"https:\/\/eurotelesites.com\/de\/nachhaltigkeit\/#breadcrumb"},"inLanguage":"de-DE","potentialAction":[{"@type":"ReadAction","target":["https:\/\/eurotelesites.com\/de\/nachhaltigkeit\/"]}]},{"@type":"BreadcrumbList","@id":"https:\/\/eurotelesites.com\/de\/nachhaltigkeit\/#breadcrumb","itemListElement":[{"@type":"ListItem","position":1,"name":"Home","item":"https:\/\/eurotelesites.com\/de\/"},{"@type":"ListItem","position":2,"name":"Nachhaltigkeit"}]},{"@type":"WebSite","@id":"https:\/\/eurotelesites.com\/#website","url":"https:\/\/eurotelesites.com\/","name":"EuroTeleSites","description":"","potentialAction":[{"@type":"SearchAction","target":{"@type":"EntryPoint","urlTemplate":"https:\/\/eurotelesites.com\/?s={search_term_string}"},"query-input":{"@type":"PropertyValueSpecification","valueRequired":true,"valueName":"search_term_string"}}],"inLanguage":"de-DE"}]}},"_links":{"self":[{"href":"https:\/\/eurotelesites.com\/de\/wp-json\/wp\/v2\/pages\/566","targetHints":{"allow":["GET"]}}],"collection":[{"href":"https:\/\/eurotelesites.com\/de\/wp-json\/wp\/v2\/pages"}],"about":[{"href":"https:\/\/eurotelesites.com\/de\/wp-json\/wp\/v2\/types\/page"}],"author":[{"embeddable":true,"href":"https:\/\/eurotelesites.com\/de\/wp-json\/wp\/v2\/users\/3"}],"replies":[{"embeddable":true,"href":"https:\/\/eurotelesites.com\/de\/wp-json\/wp\/v2\/comments?post=566"}],"version-history":[{"count":10,"href":"https:\/\/eurotelesites.com\/de\/wp-json\/wp\/v2\/pages\/566\/revisions"}],"predecessor-version":[{"id":1184,"href":"https:\/\/eurotelesites.com\/de\/wp-json\/wp\/v2\/pages\/566\/revisions\/1184"}],"wp:attachment":[{"href":"https:\/\/eurotelesites.com\/de\/wp-json\/wp\/v2\/media?parent=566"}],"wp:term":[{"taxonomy":"department","embeddable":true,"href":"https:\/\/eurotelesites.com\/de\/wp-json\/wp\/v2\/departments?post=566"}],"curies":[{"name":"wp","href":"https:\/\/api.w.org\/{rel}","templated":true}]}}