{"id":755,"date":"2023-09-19T11:26:44","date_gmt":"2023-09-19T11:26:44","guid":{"rendered":"https:\/\/eurotelesites.com\/?page_id=755"},"modified":"2025-03-06T12:57:12","modified_gmt":"2025-03-06T12:57:12","slug":"procurement","status":"publish","type":"page","link":"https:\/\/eurotelesites.com\/de\/ueber-uns\/procurement\/","title":{"rendered":"Procurement"},"content":{"rendered":"\n<div class=\"block-hero-image block-hero-image__size--large\">\n\t<div class=\"image-wrap block-hero-image__image-wrap\" data-align=\"center center\">\n\n\t\t\t<div\n\t\t\tstyle=\"background-image:url(https:\/\/eurotelesites.com\/wp-content\/uploads\/sites\/7\/2023\/09\/iStock-1355039080-scaled.jpg)\"\n\t\t\tclass=\"image image--bg image__rounded-corners--none block-hero-image__image\">\n\t\t<\/div>\n\t\n\t<\/div><\/div>\n\n\n<div\n\tclass=\"wrapper wrapper__bg-color--white  wrapper__spacing-bottom-large--40 wrapper__spacing-top-in-large--20      wrapper__border-color-large--primary wrapper__border-size-large--none\"\n\t>\n\n\t\n\t\t\t<div class=\"wrapper__container wrapper__container-width-large--default wrapper__gutter-desktop--default wrapper__gutter-tablet--small\">\n\t\t\t<div class=\"wrapper__inner wrapper__width-large--9 wrapper__offset-large--1\">\n\t\t\t\t<div class='block-breadcrumbs'><a href='https:\/\/eurotelesites.com\/de\/' class='block-breadcrumbs__home' aria-label='Home link'><\/a><span><a class=\"block-breadcrumbs__link\" href=\" https:\/\/eurotelesites.com\/de\/ \">Home<\/a><\/span><\/div>\t\t\t<\/div>\n\t\t<\/div>\n\t<\/div>\n\n\n<div\n\tclass=\"wrapper wrapper__bg-color--white  wrapper__spacing-bottom-large--40       wrapper__border-color-large--primary wrapper__border-size-large--none\"\n\t>\n\n\t\n\t\t\t<div class=\"wrapper__container wrapper__container-width-large--default wrapper__gutter-desktop--default wrapper__gutter-tablet--small\">\n\t\t\t<div class=\"wrapper__inner wrapper__width-large--7 wrapper__width-mobile--12 wrapper__offset-large--1 wrapper__offset-mobile--0\">\n\t\t\t\t<h2 class=\"heading heading__color--prussianBlue heading__size--large heading__align--left heading__font-family--serif heading__font-weight--bold block-heading__heading\">\n\tProcurement<\/h2>\t\t\t<\/div>\n\t\t<\/div>\n\t<\/div>\n\n\n<div\n\tclass=\"wrapper wrapper__bg-color--white  wrapper__spacing-bottom-large--40       wrapper__border-color-large--primary wrapper__border-size-large--none\"\n\t>\n\n\t\n\t\t\t<div class=\"wrapper__container wrapper__container-width-large--default wrapper__gutter-desktop--default wrapper__gutter-tablet--small\">\n\t\t\t<div class=\"wrapper__inner wrapper__width-large--8 wrapper__width-mobile--12 wrapper__offset-large--1 wrapper__offset-mobile--0\">\n\t\t\t\t<p class=\"paragraph paragraph__color--prussianBlue paragraph__size--large paragraph__align--left paragraph__font-family--sans block-paragraph__paragraph\">\n\tWir arbeiten mit unseren Lieferanten \u00fcber unser sicheres und zugangsgesch\u00fctztes e-Procurement-Portal zusammen.<br><br>Der Zugang wird Ihnen \u00fcber unser Einkaufsabteilung gew\u00e4hrt. Danach werden Sie in unserer Lieferantendatenbank gelistet. Wir kontaktieren alle potenziellen Lieferanten, deren Produkte oder Dienstleistungen f\u00fcr uns relevant sind.<\/p>\t\t\t<\/div>\n\t\t<\/div>\n\t<\/div>\n\n\n<div\n\tclass=\"wrapper wrapper__bg-color--white  wrapper__spacing-bottom-large--40  wrapper__spacing-bottom-in-large--50     wrapper__border-color-large--primary wrapper__border-size-large--none\"\n\t>\n\n\t\n\t\t\t<div class=\"wrapper__container wrapper__container-width-large--default wrapper__gutter-desktop--default wrapper__gutter-tablet--small\">\n\t\t\t<div class=\"wrapper__inner wrapper__width-large--12 wrapper__offset-large--1\">\n\t\t\t\t<div class=\"btn-wrap btn-wrap__align--left block-button__btn-wrap\">\n\t\t\t<a\n\t\t\thref=\"https:\/\/eprocurement.a1.group\/page.aspx\/en\/usr\/login?ReturnUrl=%2fpage.aspx%2fen%2fbuy%2fhomepage\"\n\t\t\tclass=\"btn btn__color--primary btn__size--default btn__size-width--default btn__icon-position--left btn__font-family--sans  block-button__btn\"\n\t\t\tid=\"\"\n\t\t\ttitle=\"e-Procurement Portal\"\n\t\t\taria-label=\"\"\n\t\t\ttarget=_blank rel=\"noopener noreferrer\" \t\t>\n\t\t\t\t\t\te-Procurement Portal\t\t<\/a>\n\t<\/div>\t\t\t<\/div>\n\t\t<\/div>\n\t<\/div>\n\n\n<div\n\tclass=\"wrapper wrapper__bg-color--white  wrapper__spacing-bottom-large--0       wrapper__border-color-large--primary wrapper__border-size-large--none\"\n\t>\n\n\t\n\t\t\t<div class=\"wrapper__container wrapper__container-width-large--default wrapper__gutter-desktop--default wrapper__gutter-tablet--small\">\n\t\t\t<div class=\"wrapper__inner wrapper__width-large--8 wrapper__offset-large--1\">\n\t\t\t\t<div\n\tclass=\"accordion js-accordion block-accordion__accordion\"\n\tdata-accordion-open=\"false\"\n>\n\t<button\n\t\tclass=\"accordion__trigger js-accordion-trigger\"\n\t\taria-label=\"Procurement Unterlagen\"\n\t\taria-controls\n\t>\n\t\tProcurement Unterlagen\t\t<div class=\"accordion__icon\" aria-hidden=\"true\" >\n\t\t\t<svg xmlns='http:\/\/www.w3.org\/2000\/svg' width='15' height='10' fill='none'><path d='M7.5 5.5L2 0 0 2l7.5 7.5L15 2l-2-2-5.5 5.5z' fill='currentColor' \/><\/svg>\t\t<\/div>\n\t<\/button>\n\t<section\n\t\tclass=\"accordion__panel js-accordion-panel\"\n\t\taria-hidden=\"true\"\n\t>\n\t\t<div class=\"accordion__content\">\n\t\t\t\n<div class=\"wrapper wrapper__bg-color--white  wrapper__spacing-bottom-large--20       wrapper__border-color-large--primary wrapper__border-size-large--none\">\n\n\t\n\t\t\t<div class=\"link-wrap link-wrap__align--left block-link__link-wrap\">\n\t\t\t<a href=\"https:\/\/eurotelesites.com\/wp-content\/uploads\/sites\/7\/2023\/09\/Allgemeine-Einkaufsbedingungen-AEB_2023.pdf\" class=\"link link__color--primary link__size--default link__icon-position--left link__font-family--serif  block-link__link\" id=\"\" title=\"Allgemeine Einkaufsbedingungen AEB\" aria-label=\"\">\n\t\t\t\t\t\t<span class=\"link__content\">Allgemeine Einkaufsbedingungen AEB<\/span>\n\t\t<\/a>\n\t<\/div>\t<\/div>\n\n\n<div class=\"wrapper wrapper__bg-color--white  wrapper__spacing-bottom-large--20       wrapper__border-color-large--primary wrapper__border-size-large--none\">\n\n\t\n\t\t\t<div class=\"link-wrap link-wrap__align--left block-link__link-wrap\">\n\t\t\t<a href=\"https:\/\/eurotelesites.com\/wp-content\/uploads\/sites\/7\/2023\/09\/Annex-Agile-Software-Entwicklung.pdf\" class=\"link link__color--primary link__size--default link__icon-position--left link__font-family--serif  block-link__link\" id=\"\" title=\"Annex Software Entwicklung\" aria-label=\"\">\n\t\t\t\t\t\t<span class=\"link__content\">Annex Software Entwicklung<\/span>\n\t\t<\/a>\n\t<\/div>\t<\/div>\n\n\n<div class=\"wrapper wrapper__bg-color--white  wrapper__spacing-bottom-large--20       wrapper__border-color-large--primary wrapper__border-size-large--none\">\n\n\t\n\t\t\t<div class=\"link-wrap link-wrap__align--left block-link__link-wrap\">\n\t\t\t<a href=\"https:\/\/eurotelesites.com\/wp-content\/uploads\/sites\/7\/2025\/03\/Annex-Bau.pdf\" class=\"link link__color--primary link__size--default link__icon-position--left link__font-family--serif  block-link__link\" id=\"\" title=\"Annex Bau\" aria-label=\"\">\n\t\t\t\t\t\t<span class=\"link__content\">Annex Bau<\/span>\n\t\t<\/a>\n\t<\/div>\t<\/div>\n\n\n<div class=\"wrapper wrapper__bg-color--white  wrapper__spacing-bottom-large--20       wrapper__border-color-large--primary wrapper__border-size-large--none\">\n\n\t\n\t\t\t<div class=\"link-wrap link-wrap__align--left block-link__link-wrap\">\n\t\t\t<a href=\"https:\/\/eurotelesites.com\/wp-content\/uploads\/sites\/7\/2023\/09\/Annex-Beratung-u-Services.pdf\" class=\"link link__color--primary link__size--default link__icon-position--left link__font-family--serif  block-link__link\" id=\"\" title=\"Annex Beratung und Services\" aria-label=\"\">\n\t\t\t\t\t\t<span class=\"link__content\">Annex Beratung und Services<\/span>\n\t\t<\/a>\n\t<\/div>\t<\/div>\n\n\n<div class=\"wrapper wrapper__bg-color--white  wrapper__spacing-bottom-large--20       wrapper__border-color-large--primary wrapper__border-size-large--none\">\n\n\t\n\t\t\t<div class=\"link-wrap link-wrap__align--left block-link__link-wrap\">\n\t\t\t<a href=\"https:\/\/eurotelesites.com\/wp-content\/uploads\/sites\/7\/2023\/09\/Annex-IT-1.pdf\" class=\"link link__color--primary link__size--default link__icon-position--left link__font-family--serif  block-link__link\" id=\"\" title=\"Annex IT\" aria-label=\"\">\n\t\t\t\t\t\t<span class=\"link__content\">Annex IT<\/span>\n\t\t<\/a>\n\t<\/div>\t<\/div>\n\n\n<div class=\"wrapper wrapper__bg-color--white  wrapper__spacing-bottom-large--20       wrapper__border-color-large--primary wrapper__border-size-large--none\">\n\n\t\n\t\t\t<div class=\"link-wrap link-wrap__align--left block-link__link-wrap\">\n\t\t\t<a href=\"https:\/\/eurotelesites.com\/wp-content\/uploads\/sites\/7\/2023\/09\/Annex-LL.pdf\" class=\"link link__color--primary link__size--default link__icon-position--left link__font-family--serif  block-link__link\" id=\"\" title=\"Annex LL\" aria-label=\"\">\n\t\t\t\t\t\t<span class=\"link__content\">Annex LL<\/span>\n\t\t<\/a>\n\t<\/div>\t<\/div>\n\n\n<div class=\"wrapper wrapper__bg-color--white  wrapper__spacing-bottom-large--20       wrapper__border-color-large--primary wrapper__border-size-large--none\">\n\n\t\n\t\t\t<div class=\"link-wrap link-wrap__align--left block-link__link-wrap\">\n\t\t\t<a href=\"https:\/\/eurotelesites.com\/wp-content\/uploads\/sites\/7\/2023\/09\/Annex-SaaS-1.pdf\" class=\"link link__color--primary link__size--default link__icon-position--left link__font-family--serif  block-link__link\" id=\"\" title=\"Annex SaaS\" aria-label=\"\">\n\t\t\t\t\t\t<span class=\"link__content\">Annex SaaS<\/span>\n\t\t<\/a>\n\t<\/div>\t<\/div>\n\n\n<div class=\"wrapper wrapper__bg-color--white  wrapper__spacing-bottom-large--20       wrapper__border-color-large--primary wrapper__border-size-large--none\">\n\n\t\n\t\t\t<div class=\"link-wrap link-wrap__align--left block-link__link-wrap\">\n\t\t\t<a href=\"https:\/\/eurotelesites.com\/wp-content\/uploads\/sites\/7\/2023\/09\/Annex-Software-1.pdf\" class=\"link link__color--primary link__size--default link__icon-position--left link__font-family--serif  block-link__link\" id=\"\" title=\"Annex Software\" aria-label=\"\">\n\t\t\t\t\t\t<span class=\"link__content\">Annex Software<\/span>\n\t\t<\/a>\n\t<\/div>\t<\/div>\n\n\n<div class=\"wrapper wrapper__bg-color--white  wrapper__spacing-bottom-large--20       wrapper__border-color-large--primary wrapper__border-size-large--none\">\n\n\t\n\t\t\t<div class=\"link-wrap link-wrap__align--left block-link__link-wrap\">\n\t\t\t<a href=\"https:\/\/eurotelesites.com\/wp-content\/uploads\/sites\/7\/2023\/09\/Annex-Software-1.pdf\" class=\"link link__color--primary link__size--default link__icon-position--left link__font-family--serif  block-link__link\" id=\"\" title=\"Annex Schulung und Training\" aria-label=\"\">\n\t\t\t\t\t\t<span class=\"link__content\">Annex Schulung und Training<\/span>\n\t\t<\/a>\n\t<\/div>\t<\/div>\n\n\n<div class=\"wrapper wrapper__bg-color--white  wrapper__spacing-bottom-large--20       wrapper__border-color-large--primary wrapper__border-size-large--none\">\n\n\t\n\t\t\t<div class=\"link-wrap link-wrap__align--left block-link__link-wrap\">\n\t\t\t<a href=\"https:\/\/eurotelesites.com\/wp-content\/uploads\/sites\/7\/2023\/09\/Kriterien-zur-Rechnungslegung-1.pdf\" class=\"link link__color--primary link__size--default link__icon-position--left link__font-family--serif  block-link__link\" id=\"\" title=\"Kriterien zur Rechnungslegung\" aria-label=\"\">\n\t\t\t\t\t\t<span class=\"link__content\">Kriterien zur Rechnungslegung<\/span>\n\t\t<\/a>\n\t<\/div>\t<\/div>\n\n\n<div class=\"wrapper wrapper__bg-color--white  wrapper__spacing-bottom-large--20       wrapper__border-color-large--primary wrapper__border-size-large--none\">\n\n\t\n\t\t\t<div class=\"link-wrap link-wrap__align--left block-link__link-wrap\">\n\t\t\t<a href=\"https:\/\/eurotelesites.com\/wp-content\/uploads\/sites\/7\/2024\/10\/ETS-Supplier-Code-of-Conduct-September-2024.pdf\" class=\"link link__color--primary link__size--default link__icon-position--left link__font-family--serif  block-link__link\" id=\"\" title=\"Supplier Code of Conduct (in Englisch)\" aria-label=\"\">\n\t\t\t\t\t\t<span class=\"link__content\">Supplier Code of Conduct (in Englisch)<\/span>\n\t\t<\/a>\n\t<\/div>\t<\/div>\n\n\t\t<\/div>\n\t<\/section>\n<\/div>\t\t\t<\/div>\n\t\t<\/div>\n\t<\/div>\n\n\n<div\n\tclass=\"wrapper wrapper__bg-color--white  wrapper__spacing-bottom-large--40 wrapper__spacing-top-in-large--90      wrapper__border-color-large--primary wrapper__border-size-large--none\"\n\t>\n\n\t\n\t\t\t<div class=\"wrapper__container wrapper__container-width-large--default wrapper__gutter-desktop--default wrapper__gutter-tablet--small\">\n\t\t\t<div class=\"wrapper__inner wrapper__width-large--12\">\n\t\t\t\t\n<div class=\"block-columns block-columns__gutter-large--10 block-columns__vertical-spacing-large--20\">\n\t\n\n<div class=\"block-column block-column__width-large--4 block-column__width-mobile--12     block-column__border-color-large--primary block-column__border-size-large--none\">\n\t\n<div\n\tclass=\"wrapper wrapper__bg-color--white  wrapper__spacing-bottom-large--20       wrapper__border-color-large--primary wrapper__border-size-large--none\"\n\t>\n\n\t\n\t\t\t<div class=\"image-wrap block-image__image-wrap\" data-align=\"center center\">\n\n\t\t\t<div\n\t\t\tstyle=\"background-image:url(https:\/\/eurotelesites.com\/wp-content\/uploads\/sites\/7\/2023\/08\/ben-wicks-6rtUBI-x6vo-unsplash-scaled.jpg)\"\n\t\t\tclass=\"image image--bg image__rounded-corners--none block-image__image\">\n\t\t<\/div>\n\t\n\t<\/div>\t<\/div>\n\n\n<div\n\tclass=\"wrapper wrapper__bg-color--white  wrapper__spacing-bottom-large--10       wrapper__border-color-large--primary wrapper__border-size-large--none\"\n\t>\n\n\t\n\t\t\t<h2 class=\"heading heading__color--prussianBlue heading__size--small heading__align--left heading__font-family--serif heading__font-weight--bold block-heading__heading\">\n\tLeistungen<\/h2>\t<\/div>\n\n\n<div\n\tclass=\"wrapper wrapper__bg-color--white  wrapper__spacing-bottom-large--10       wrapper__border-color-large--primary wrapper__border-size-large--none\"\n\t>\n\n\t\n\t\t\t<p class=\"paragraph paragraph__color--prussianBlue paragraph__size--default-constant paragraph__align--left paragraph__font-family--sans block-paragraph__paragraph\">\n\tAufbau und Wartung der besten passiven Infrastruktur von Mobilfunknetzen.<\/p>\t<\/div>\n\n\n<div\n\tclass=\"wrapper wrapper__bg-color--white  wrapper__spacing-bottom-large--40       wrapper__border-color-large--primary wrapper__border-size-large--none\"\n\t>\n\n\t\n\t\t\t<div class=\"link-wrap link-wrap__align--left block-link__link-wrap\">\n\t\t\t<a\n\t\t\thref=\"https:\/\/eurotelesites.com\/de\/leistungen\/\"\n\t\t\tclass=\"link link__color--primary link__size--default link__icon-position--left link__font-family--sans  block-link__link\"\n\t\t\tid=\"\"\n\t\t\ttitle=\"Mehr erfahren\"\n\t\t\taria-label=\"\"\n\t\t\t\t\t>\n\t\t\t\t\t\t<span class=\"link__content\">Mehr erfahren<\/span>\n\t\t<\/a>\n\t<\/div>\t<\/div>\n\n<\/div>\n\n\n\n<div class=\"block-column block-column__width-large--4 block-column__width-mobile--12     block-column__border-color-large--primary block-column__border-size-large--none\">\n\t\n<div\n\tclass=\"wrapper wrapper__bg-color--white  wrapper__spacing-bottom-large--20       wrapper__border-color-large--primary wrapper__border-size-large--none\"\n\t>\n\n\t\n\t\t\t<div class=\"image-wrap block-image__image-wrap\" data-align=\"center center\">\n\n\t\t\t<div\n\t\t\tstyle=\"background-image:url(https:\/\/eurotelesites.com\/wp-content\/uploads\/sites\/7\/2023\/08\/iStock-836184236-Kopie-scaled.jpg)\"\n\t\t\tclass=\"image image--bg image__rounded-corners--none block-image__image\">\n\t\t<\/div>\n\t\n\t<\/div>\t<\/div>\n\n\n<div\n\tclass=\"wrapper wrapper__bg-color--white  wrapper__spacing-bottom-large--10       wrapper__border-color-large--primary wrapper__border-size-large--none\"\n\t>\n\n\t\n\t\t\t<h2 class=\"heading heading__color--prussianBlue heading__size--small heading__align--left heading__font-family--serif heading__font-weight--bold block-heading__heading\">\n\tNachhaltigkeit<\/h2>\t<\/div>\n\n\n<div\n\tclass=\"wrapper wrapper__bg-color--white  wrapper__spacing-bottom-large--10       wrapper__border-color-large--primary wrapper__border-size-large--none\"\n\t>\n\n\t\n\t\t\t<p class=\"paragraph paragraph__color--black paragraph__size--default-constant paragraph__align--left paragraph__font-family--sans block-paragraph__paragraph\">\n\tSchaffung einer nachhaltigen Grundlage f\u00fcr die digitale Transformation.<\/p>\t<\/div>\n\n\n<div\n\tclass=\"wrapper wrapper__bg-color--white  wrapper__spacing-bottom-large--40       wrapper__border-color-large--primary wrapper__border-size-large--none\"\n\t>\n\n\t\n\t\t\t<div class=\"link-wrap link-wrap__align--left block-link__link-wrap\">\n\t\t\t<a\n\t\t\thref=\"https:\/\/eurotelesites.com\/de\/nachhaltigkeit\/\"\n\t\t\tclass=\"link link__color--primary link__size--default link__icon-position--left link__font-family--sans  block-link__link\"\n\t\t\tid=\"\"\n\t\t\ttitle=\"Mehr effahren\"\n\t\t\taria-label=\"\"\n\t\t\t\t\t>\n\t\t\t\t\t\t<span class=\"link__content\">Mehr effahren<\/span>\n\t\t<\/a>\n\t<\/div>\t<\/div>\n\n<\/div>\n\n\n\n<div class=\"block-column block-column__width-large--4 block-column__width-mobile--12     block-column__border-color-large--primary block-column__border-size-large--none\">\n\t\n<div\n\tclass=\"wrapper wrapper__bg-color--white  wrapper__spacing-bottom-large--20       wrapper__border-color-large--primary wrapper__border-size-large--none\"\n\t>\n\n\t\n\t\t\t<div class=\"image-wrap block-image__image-wrap\" data-align=\"center center\">\n\n\t\t\t<div\n\t\t\tstyle=\"background-image:url(https:\/\/eurotelesites.com\/wp-content\/uploads\/sites\/7\/2023\/09\/1170740969.jpg)\"\n\t\t\tclass=\"image image--bg image__rounded-corners--none block-image__image\">\n\t\t<\/div>\n\t\n\t<\/div>\t<\/div>\n\n\n<div\n\tclass=\"wrapper wrapper__bg-color--white  wrapper__spacing-bottom-large--10       wrapper__border-color-large--primary wrapper__border-size-large--none\"\n\t>\n\n\t\n\t\t\t<h2 class=\"heading heading__color--prussianBlue heading__size--small heading__align--left heading__font-family--serif heading__font-weight--bold block-heading__heading\">\n\tInvestor Relations<\/h2>\t<\/div>\n\n\n<div\n\tclass=\"wrapper wrapper__bg-color--white  wrapper__spacing-bottom-large--10       wrapper__border-color-large--primary wrapper__border-size-large--none\"\n\t>\n\n\t\n\t\t\t<p class=\"paragraph paragraph__color--prussianBlue paragraph__size--default-constant paragraph__align--left paragraph__font-family--sans block-paragraph__paragraph\">\n\tEuroTeleSites ist der f\u00fchrende Anbieter von drahtloser Kommunikationsinfrastruktur in Mittel- und Osteuropa<\/p>\t<\/div>\n\n\n<div\n\tclass=\"wrapper wrapper__bg-color--white  wrapper__spacing-bottom-large--40       wrapper__border-color-large--primary wrapper__border-size-large--none\"\n\t>\n\n\t\n\t\t\t<div class=\"link-wrap link-wrap__align--left block-link__link-wrap\">\n\t\t\t<a\n\t\t\thref=\"https:\/\/eurotelesites.com\/de\/investor-relations\/\"\n\t\t\tclass=\"link link__color--primary link__size--default link__icon-position--left link__font-family--sans  block-link__link\"\n\t\t\tid=\"\"\n\t\t\ttitle=\"Mehr effahren\"\n\t\t\taria-label=\"\"\n\t\t\t\t\t>\n\t\t\t\t\t\t<span class=\"link__content\">Mehr effahren<\/span>\n\t\t<\/a>\n\t<\/div>\t<\/div>\n\n<\/div>\n\n<\/div>\n\t\t\t<\/div>\n\t\t<\/div>\n\t<\/div>\n","protected":false},"excerpt":{"rendered":"","protected":false},"author":3,"featured_media":0,"parent":549,"menu_order":0,"comment_status":"closed","ping_status":"closed","template":"","meta":{"_acf_changed":false,"footnotes":""},"departments":[],"class_list":["post-755","page","type-page","status-publish","hentry"],"acf":[],"yoast_head":"<!-- This site is optimized with the Yoast SEO plugin v27.2 - https:\/\/yoast.com\/product\/yoast-seo-wordpress\/ -->\n<title>Procurement - EuroTeleSites<\/title>\n<meta name=\"robots\" content=\"index, follow, max-snippet:-1, max-image-preview:large, max-video-preview:-1\" \/>\n<link rel=\"canonical\" href=\"https:\/\/eurotelesites.com\/de\/ueber-uns\/procurement\/\" \/>\n<meta property=\"og:locale\" content=\"de_DE\" \/>\n<meta property=\"og:type\" content=\"article\" \/>\n<meta property=\"og:title\" content=\"Procurement - EuroTeleSites\" \/>\n<meta property=\"og:url\" content=\"https:\/\/eurotelesites.com\/de\/ueber-uns\/procurement\/\" \/>\n<meta property=\"og:site_name\" content=\"EuroTeleSites\" \/>\n<meta property=\"article:modified_time\" content=\"2025-03-06T12:57:12+00:00\" \/>\n<meta name=\"twitter:card\" content=\"summary_large_image\" \/>\n<meta name=\"twitter:label1\" content=\"Est. reading time\" \/>\n\t<meta name=\"twitter:data1\" content=\"1 minute\" \/>\n<script type=\"application\/ld+json\" class=\"yoast-schema-graph\">{\"@context\":\"https:\/\/schema.org\",\"@graph\":[{\"@type\":\"WebPage\",\"@id\":\"https:\/\/eurotelesites.com\/de\/ueber-uns\/procurement\/\",\"url\":\"https:\/\/eurotelesites.com\/de\/ueber-uns\/procurement\/\",\"name\":\"Procurement - EuroTeleSites\",\"isPartOf\":{\"@id\":\"https:\/\/eurotelesites.com\/#website\"},\"datePublished\":\"2023-09-19T11:26:44+00:00\",\"dateModified\":\"2025-03-06T12:57:12+00:00\",\"breadcrumb\":{\"@id\":\"https:\/\/eurotelesites.com\/de\/ueber-uns\/procurement\/#breadcrumb\"},\"inLanguage\":\"de-DE\",\"potentialAction\":[{\"@type\":\"ReadAction\",\"target\":[\"https:\/\/eurotelesites.com\/de\/ueber-uns\/procurement\/\"]}]},{\"@type\":\"BreadcrumbList\",\"@id\":\"https:\/\/eurotelesites.com\/de\/ueber-uns\/procurement\/#breadcrumb\",\"itemListElement\":[{\"@type\":\"ListItem\",\"position\":1,\"name\":\"Home\",\"item\":\"https:\/\/eurotelesites.com\/de\/\"},{\"@type\":\"ListItem\",\"position\":2,\"name\":\"\u00dcber uns\",\"item\":\"https:\/\/eurotelesites.com\/de\/ueber-uns\/\"},{\"@type\":\"ListItem\",\"position\":3,\"name\":\"Procurement\"}]},{\"@type\":\"WebSite\",\"@id\":\"https:\/\/eurotelesites.com\/#website\",\"url\":\"https:\/\/eurotelesites.com\/\",\"name\":\"EuroTeleSites\",\"description\":\"\",\"potentialAction\":[{\"@type\":\"SearchAction\",\"target\":{\"@type\":\"EntryPoint\",\"urlTemplate\":\"https:\/\/eurotelesites.com\/?s={search_term_string}\"},\"query-input\":{\"@type\":\"PropertyValueSpecification\",\"valueRequired\":true,\"valueName\":\"search_term_string\"}}],\"inLanguage\":\"de-DE\"}]}<\/script>\n<!-- \/ Yoast SEO plugin. -->","yoast_head_json":{"title":"Procurement - EuroTeleSites","robots":{"index":"index","follow":"follow","max-snippet":"max-snippet:-1","max-image-preview":"max-image-preview:large","max-video-preview":"max-video-preview:-1"},"canonical":"https:\/\/eurotelesites.com\/de\/ueber-uns\/procurement\/","og_locale":"de_DE","og_type":"article","og_title":"Procurement - EuroTeleSites","og_url":"https:\/\/eurotelesites.com\/de\/ueber-uns\/procurement\/","og_site_name":"EuroTeleSites","article_modified_time":"2025-03-06T12:57:12+00:00","twitter_card":"summary_large_image","twitter_misc":{"Est. reading time":"1 minute"},"schema":{"@context":"https:\/\/schema.org","@graph":[{"@type":"WebPage","@id":"https:\/\/eurotelesites.com\/de\/ueber-uns\/procurement\/","url":"https:\/\/eurotelesites.com\/de\/ueber-uns\/procurement\/","name":"Procurement - EuroTeleSites","isPartOf":{"@id":"https:\/\/eurotelesites.com\/#website"},"datePublished":"2023-09-19T11:26:44+00:00","dateModified":"2025-03-06T12:57:12+00:00","breadcrumb":{"@id":"https:\/\/eurotelesites.com\/de\/ueber-uns\/procurement\/#breadcrumb"},"inLanguage":"de-DE","potentialAction":[{"@type":"ReadAction","target":["https:\/\/eurotelesites.com\/de\/ueber-uns\/procurement\/"]}]},{"@type":"BreadcrumbList","@id":"https:\/\/eurotelesites.com\/de\/ueber-uns\/procurement\/#breadcrumb","itemListElement":[{"@type":"ListItem","position":1,"name":"Home","item":"https:\/\/eurotelesites.com\/de\/"},{"@type":"ListItem","position":2,"name":"\u00dcber uns","item":"https:\/\/eurotelesites.com\/de\/ueber-uns\/"},{"@type":"ListItem","position":3,"name":"Procurement"}]},{"@type":"WebSite","@id":"https:\/\/eurotelesites.com\/#website","url":"https:\/\/eurotelesites.com\/","name":"EuroTeleSites","description":"","potentialAction":[{"@type":"SearchAction","target":{"@type":"EntryPoint","urlTemplate":"https:\/\/eurotelesites.com\/?s={search_term_string}"},"query-input":{"@type":"PropertyValueSpecification","valueRequired":true,"valueName":"search_term_string"}}],"inLanguage":"de-DE"}]}},"_links":{"self":[{"href":"https:\/\/eurotelesites.com\/de\/wp-json\/wp\/v2\/pages\/755","targetHints":{"allow":["GET"]}}],"collection":[{"href":"https:\/\/eurotelesites.com\/de\/wp-json\/wp\/v2\/pages"}],"about":[{"href":"https:\/\/eurotelesites.com\/de\/wp-json\/wp\/v2\/types\/page"}],"author":[{"embeddable":true,"href":"https:\/\/eurotelesites.com\/de\/wp-json\/wp\/v2\/users\/3"}],"replies":[{"embeddable":true,"href":"https:\/\/eurotelesites.com\/de\/wp-json\/wp\/v2\/comments?post=755"}],"version-history":[{"count":6,"href":"https:\/\/eurotelesites.com\/de\/wp-json\/wp\/v2\/pages\/755\/revisions"}],"predecessor-version":[{"id":2071,"href":"https:\/\/eurotelesites.com\/de\/wp-json\/wp\/v2\/pages\/755\/revisions\/2071"}],"up":[{"embeddable":true,"href":"https:\/\/eurotelesites.com\/de\/wp-json\/wp\/v2\/pages\/549"}],"wp:attachment":[{"href":"https:\/\/eurotelesites.com\/de\/wp-json\/wp\/v2\/media?parent=755"}],"wp:term":[{"taxonomy":"department","embeddable":true,"href":"https:\/\/eurotelesites.com\/de\/wp-json\/wp\/v2\/departments?post=755"}],"curies":[{"name":"wp","href":"https:\/\/api.w.org\/{rel}","templated":true}]}}